{"id":1248,"date":"2019-04-04T14:21:13","date_gmt":"2019-04-04T12:21:13","guid":{"rendered":"http:\/\/www.gsdb.fr\/?page_id=1248"},"modified":"2026-04-27T09:45:55","modified_gmt":"2026-04-27T07:45:55","slug":"a-venir","status":"publish","type":"page","link":"https:\/\/www.gsdb.fr\/","title":{"rendered":"Bienvenue \u00e0 Don Bosco, \u00e9cole et coll\u00e8ge \u00e0 Compi\u00e8gne"},"content":{"rendered":"\n<p class=\"has-text-align-center\"><br><\/p>\n\n\n\n<p class=\"has-text-align-center\"><strong>March\u00e9 de printemps<\/strong><\/p>\n\n\n\n<p class=\"has-text-align-center\">mardi 28 avril jusque 16 h 30 min<\/p>\n\n\n\n<p class=\"has-text-align-center\">avec boissons chaudes, g\u00e2teaux et discussions,<\/p>\n\n\n\n<p class=\"has-text-align-center\">toujours au profit des \u00e9l\u00e8ves de l\u2019\u00e9cole et du coll\u00e8ge !<\/p>\n\n\n<div class=\"wp-block-image\">\n<figure class=\"aligncenter size-full is-resized\"><img decoding=\"async\" loading=\"lazy\" src=\"https:\/\/www.gsdb.fr\/wp-content\/uploads\/2026\/04\/IMG_4177.jpeg\" alt=\"\" class=\"wp-image-4777\" width=\"424\" height=\"598\" srcset=\"https:\/\/www.gsdb.fr\/wp-content\/uploads\/2026\/04\/IMG_4177.jpeg 720w, https:\/\/www.gsdb.fr\/wp-content\/uploads\/2026\/04\/IMG_4177-212x300.jpeg 212w, https:\/\/www.gsdb.fr\/wp-content\/uploads\/2026\/04\/IMG_4177-106x150.jpeg 106w\" sizes=\"(max-width: 424px) 100vw, 424px\" \/><\/figure><\/div>\n\n<div class=\"wp-block-image\">\n<figure class=\"aligncenter size-large is-resized\"><img decoding=\"async\" loading=\"lazy\" src=\"https:\/\/www.gsdb.fr\/wp-content\/uploads\/2020\/06\/OIP.jpg\" alt=\"\" class=\"wp-image-1663\" width=\"433\" height=\"64\" srcset=\"https:\/\/www.gsdb.fr\/wp-content\/uploads\/2020\/06\/OIP.jpg 474w, https:\/\/www.gsdb.fr\/wp-content\/uploads\/2020\/06\/OIP-150x22.jpg 150w, https:\/\/www.gsdb.fr\/wp-content\/uploads\/2020\/06\/OIP-300x45.jpg 300w\" sizes=\"(max-width: 433px) 100vw, 433px\" \/><\/figure><\/div>\n\n\n<p class=\"has-text-align-center\"><br><strong>Concours d\u2019\u00e9loquence<\/strong> jeudi 30 avril \u00e0 20 h<\/p>\n\n\n\n<p class=\"has-text-align-center\">Ouvert au public<\/p>\n\n\n<div class=\"wp-block-image\">\n<figure class=\"aligncenter size-large is-resized\"><img decoding=\"async\" loading=\"lazy\" src=\"https:\/\/www.gsdb.fr\/wp-content\/uploads\/2026\/04\/Concours-deloquence-VF-3-pdf-724x1024.jpg\" alt=\"\" class=\"wp-image-4893\" width=\"443\" height=\"627\"\/><\/figure><\/div>\n\n<div class=\"wp-block-image\">\n<figure class=\"aligncenter size-large is-resized\"><img decoding=\"async\" loading=\"lazy\" src=\"https:\/\/www.gsdb.fr\/wp-content\/uploads\/2020\/06\/OIP.jpg\" alt=\"\" class=\"wp-image-1663\" width=\"433\" height=\"64\" srcset=\"https:\/\/www.gsdb.fr\/wp-content\/uploads\/2020\/06\/OIP.jpg 474w, https:\/\/www.gsdb.fr\/wp-content\/uploads\/2020\/06\/OIP-150x22.jpg 150w, https:\/\/www.gsdb.fr\/wp-content\/uploads\/2020\/06\/OIP-300x45.jpg 300w\" sizes=\"(max-width: 433px) 100vw, 433px\" \/><\/figure><\/div>\n\n\n<p class=\"has-text-align-center\"><strong>Conf\u00e9rence<\/strong> mardi 26 mai \u00e0 20 h sur l\u2019\u00e9vang\u00e9lisation des premiers chr\u00e9tiens en Picardie<\/p>\n\n\n\n<p class=\"has-text-align-center\">Ouverte au public<\/p>\n\n\n<div class=\"wp-block-image is-style-default\">\n<figure class=\"aligncenter size-large is-resized\"><img decoding=\"async\" loading=\"lazy\" src=\"https:\/\/www.gsdb.fr\/wp-content\/uploads\/2026\/04\/cd0b159a-c2f2-4593-9f92-773ae43ab7a8-723x1024.jpeg\" alt=\"\" class=\"wp-image-4896\" width=\"442\" height=\"625\" srcset=\"https:\/\/www.gsdb.fr\/wp-content\/uploads\/2026\/04\/cd0b159a-c2f2-4593-9f92-773ae43ab7a8-723x1024.jpeg 723w, https:\/\/www.gsdb.fr\/wp-content\/uploads\/2026\/04\/cd0b159a-c2f2-4593-9f92-773ae43ab7a8-212x300.jpeg 212w, https:\/\/www.gsdb.fr\/wp-content\/uploads\/2026\/04\/cd0b159a-c2f2-4593-9f92-773ae43ab7a8-106x150.jpeg 106w, https:\/\/www.gsdb.fr\/wp-content\/uploads\/2026\/04\/cd0b159a-c2f2-4593-9f92-773ae43ab7a8-768x1088.jpeg 768w, https:\/\/www.gsdb.fr\/wp-content\/uploads\/2026\/04\/cd0b159a-c2f2-4593-9f92-773ae43ab7a8-1084x1536.jpeg 1084w, https:\/\/www.gsdb.fr\/wp-content\/uploads\/2026\/04\/cd0b159a-c2f2-4593-9f92-773ae43ab7a8.jpeg 1129w\" sizes=\"(max-width: 442px) 100vw, 442px\" \/><\/figure><\/div>\n\n<div class=\"wp-block-image\">\n<figure class=\"aligncenter size-large is-resized\"><img decoding=\"async\" loading=\"lazy\" src=\"https:\/\/www.gsdb.fr\/wp-content\/uploads\/2020\/06\/OIP.jpg\" alt=\"\" class=\"wp-image-1663\" width=\"433\" height=\"64\" srcset=\"https:\/\/www.gsdb.fr\/wp-content\/uploads\/2020\/06\/OIP.jpg 474w, https:\/\/www.gsdb.fr\/wp-content\/uploads\/2020\/06\/OIP-150x22.jpg 150w, https:\/\/www.gsdb.fr\/wp-content\/uploads\/2020\/06\/OIP-300x45.jpg 300w\" sizes=\"(max-width: 433px) 100vw, 433px\" \/><\/figure><\/div>\n\n\n<figure class=\"wp-block-image size-full\"><img decoding=\"async\" src=\"https:\/\/www.gsdb.fr\/wp-content\/uploads\/2026\/04\/tombola_catalogue_v7_wordpress-2-7.html\" alt=\"\" class=\"wp-image-4925\"\/><\/figure>\n\n\n\n<p class=\"has-text-align-center\"><br>Voici un <span style=\"text-decoration: underline;\"><a href=\"https:\/\/www.gsdb.fr\/wp-content\/uploads\/2026\/04\/tombola_catalogue_v7_wordpress-2-7.html\" target=\"_blank\" rel=\"noreferrer noopener\">extrait de la <img decoding=\"async\" class=\"wp-image-4915\" style=\"width: NaNpx;\" src=\"https:\/\/www.gsdb.fr\/wp-content\/uploads\/2026\/04\/tombola_catalogue_v7_wordpress-2-2.html\" alt=\"\">liste des 280 lots<\/a><\/span> de la <strong>tombola<\/strong> de la kermesse du 20 juin<\/p>\n\n\n\n<p class=\"has-text-align-center\">En bonus : pour <a href=\"https:\/\/www.helloasso.com\/associations\/uvre-scolaire-don-bosco\/evenements\/tombola-2026\" target=\"_blank\" rel=\"noreferrer noopener\">participer \u00e0 la tombola, <\/a><span style=\"text-decoration: underline;\"><a href=\"https:\/\/www.helloasso.com\/associations\/uvre-scolaire-don-bosco\/evenements\/tombola-2026\">cliquer<\/a><\/span> pour acheter des tickets \u00e0 deux euros.<\/p>\n\n\n\n<p class=\"has-text-align-center\">Chaque carnet de dix tickets inclut un lot gagnant !<\/p>\n\n\n\n<p class=\"has-text-align-center\">Nous remercions vivement les soci\u00e9t\u00e9s donatrices qui soutiennent ainsi le groupe scolaire Don Bosco.<\/p>\n\n\n<div class=\"wp-block-image\">\n<figure class=\"aligncenter size-full\"><img decoding=\"async\" loading=\"lazy\" width=\"1024\" height=\"780\" src=\"https:\/\/www.gsdb.fr\/wp-content\/uploads\/2026\/04\/Tombola-DonBosco-Image-Site-20260423.png\" alt=\"\" class=\"wp-image-4909\" srcset=\"https:\/\/www.gsdb.fr\/wp-content\/uploads\/2026\/04\/Tombola-DonBosco-Image-Site-20260423.png 1024w, https:\/\/www.gsdb.fr\/wp-content\/uploads\/2026\/04\/Tombola-DonBosco-Image-Site-20260423-300x229.png 300w, https:\/\/www.gsdb.fr\/wp-content\/uploads\/2026\/04\/Tombola-DonBosco-Image-Site-20260423-150x114.png 150w, https:\/\/www.gsdb.fr\/wp-content\/uploads\/2026\/04\/Tombola-DonBosco-Image-Site-20260423-768x585.png 768w\" sizes=\"(max-width: 1024px) 100vw, 1024px\" \/><\/figure><\/div>\n\n<div class=\"wp-block-image\">\n<figure class=\"aligncenter size-large is-resized\"><img decoding=\"async\" loading=\"lazy\" src=\"https:\/\/www.gsdb.fr\/wp-content\/uploads\/2020\/06\/OIP.jpg\" alt=\"\" class=\"wp-image-1663\" width=\"433\" height=\"64\" srcset=\"https:\/\/www.gsdb.fr\/wp-content\/uploads\/2020\/06\/OIP.jpg 474w, https:\/\/www.gsdb.fr\/wp-content\/uploads\/2020\/06\/OIP-150x22.jpg 150w, https:\/\/www.gsdb.fr\/wp-content\/uploads\/2020\/06\/OIP-300x45.jpg 300w\" sizes=\"(max-width: 433px) 100vw, 433px\" \/><\/figure><\/div>\n\n\n<p class=\"has-text-align-center\"><strong>Faites un don d\u00e9ductible des imp\u00f4ts pour aider Don Bosco<\/strong><\/p>\n\n\n\n<p class=\"has-text-align-center\">Votre g\u00e9n\u00e9rosit\u00e9 permet notre mission aupr\u00e8s des enfants, avec un enseignement de qualit\u00e9.<\/p>\n\n\n\n<p class=\"has-text-align-center\">Tout don, m\u00eame petit, nous est utile (et vous donne droit \u00e0 un re\u00e7u fiscal).<\/p>\n\n\n\n<p class=\"has-text-align-center\">Vous pouvez cliquez ci-dessous et vous laisser guider.<\/p>\n\n\n\n<p class=\"has-text-align-center\"><mark style=\"background-color:rgba(0, 0, 0, 0)\" class=\"has-inline-color has-vivid-red-color\"><span style=\"text-decoration: underline;\"><a href=\"https:\/\/www.helloasso.com\/associations\/uvre-scolaire-don-bosco\/formulaires\/1\/widget\" target=\"_blank\" rel=\"noreferrer noopener\"><strong>JE DONNE <em>(via Hello asso)<\/em> !<\/strong><\/a><\/span><\/mark><\/p>\n\n\n<div class=\"wp-block-image\">\n<figure class=\"aligncenter size-large is-resized\"><a href=\"https:\/\/www.helloasso.com\/associations\/uvre-scolaire-don-bosco\" target=\"_blank\" rel=\"noreferrer noopener\"><img decoding=\"async\" loading=\"lazy\" src=\"https:\/\/www.gsdb.fr\/wp-content\/uploads\/2025\/08\/e8f9aced-f008-4542-8389-428bcb8666f0-1024x374.jpeg\" alt=\"\" class=\"wp-image-3174\" width=\"836\" height=\"305\" srcset=\"https:\/\/www.gsdb.fr\/wp-content\/uploads\/2025\/08\/e8f9aced-f008-4542-8389-428bcb8666f0-1024x374.jpeg 1024w, https:\/\/www.gsdb.fr\/wp-content\/uploads\/2025\/08\/e8f9aced-f008-4542-8389-428bcb8666f0-300x110.jpeg 300w, https:\/\/www.gsdb.fr\/wp-content\/uploads\/2025\/08\/e8f9aced-f008-4542-8389-428bcb8666f0-150x55.jpeg 150w, https:\/\/www.gsdb.fr\/wp-content\/uploads\/2025\/08\/e8f9aced-f008-4542-8389-428bcb8666f0-768x281.jpeg 768w, https:\/\/www.gsdb.fr\/wp-content\/uploads\/2025\/08\/e8f9aced-f008-4542-8389-428bcb8666f0-1536x562.jpeg 1536w, https:\/\/www.gsdb.fr\/wp-content\/uploads\/2025\/08\/e8f9aced-f008-4542-8389-428bcb8666f0-2048x749.jpeg 2048w\" sizes=\"(max-width: 836px) 100vw, 836px\" \/><\/a><\/figure><\/div>\n\n<div class=\"wp-block-image\">\n<figure class=\"aligncenter size-large is-resized\"><img decoding=\"async\" loading=\"lazy\" src=\"https:\/\/www.gsdb.fr\/wp-content\/uploads\/2020\/06\/OIP.jpg\" alt=\"\" class=\"wp-image-1663\" width=\"433\" height=\"64\" srcset=\"https:\/\/www.gsdb.fr\/wp-content\/uploads\/2020\/06\/OIP.jpg 474w, https:\/\/www.gsdb.fr\/wp-content\/uploads\/2020\/06\/OIP-150x22.jpg 150w, https:\/\/www.gsdb.fr\/wp-content\/uploads\/2020\/06\/OIP-300x45.jpg 300w\" sizes=\"(max-width: 433px) 100vw, 433px\" \/><\/figure><\/div>\n\n\n<p class=\"has-text-align-center has-medium-font-size\"><strong><mark style=\"background-color:rgba(0, 0, 0, 0)\" class=\"has-inline-color has-vivid-red-color\">D\u00e9couvrez le groupe scolaire Don Bosco en 10 points pour ses 10 ans<\/mark><\/strong><\/p>\n\n\n\n<p class=\"has-text-align-center has-medium-font-size\">Court film de pr\u00e9sentation de cinq minutes<\/p>\n\n\n\n<p class=\"has-text-align-center has-medium-font-size\">(Cliquez sur l\u2019image ci-dessous)<\/p>\n\n\n\n<figure class=\"wp-block-video\"><video controls src=\"https:\/\/www.gsdb.fr\/10ans\/GSDB10ANSV7.MP4\"><\/video><\/figure>\n\n\n\n<div class=\"wp-block-columns is-layout-flex wp-container-2\">\n<div class=\"wp-block-column is-layout-flow\" style=\"flex-basis:100%\"><div class=\"wp-block-image\">\n<figure class=\"aligncenter size-large is-resized\"><img decoding=\"async\" loading=\"lazy\" src=\"https:\/\/www.gsdb.fr\/wp-content\/uploads\/2020\/06\/OIP.jpg\" alt=\"\" class=\"wp-image-1663\" width=\"405\" height=\"60\" srcset=\"https:\/\/www.gsdb.fr\/wp-content\/uploads\/2020\/06\/OIP.jpg 474w, https:\/\/www.gsdb.fr\/wp-content\/uploads\/2020\/06\/OIP-150x22.jpg 150w, https:\/\/www.gsdb.fr\/wp-content\/uploads\/2020\/06\/OIP-300x45.jpg 300w\" sizes=\"(max-width: 405px) 100vw, 405px\" \/><\/figure><\/div><\/div>\n<\/div>\n\n\n\n<h3 class=\"wp-block-heading has-text-align-center has-vivid-red-color has-text-color\"><\/h3>\n\n\n\n<p class=\"has-text-align-center has-medium-font-size\"><\/p>\n\n\n\n<p class=\"has-text-align-center has-medium-font-size\"><\/p>\n\n\n\n<p class=\"has-text-align-center has-medium-font-size\"><\/p>\n\n\n\n<p class=\"has-text-align-center has-vivid-cyan-blue-color has-text-color has-medium-font-size\"><mark style=\"background-color:rgba(0, 0, 0, 0)\" class=\"has-inline-color has-vivid-red-color\"><span style=\"text-decoration: underline;\"><a href=\"https:\/\/www.helloasso.com\/associations\/uvre-scolaire-don-bosco\/formulaires\/1\/widget\" target=\"_blank\" rel=\"noreferrer noopener\"><strong>JE DONNE <em>(via Hello asso)<\/em> !<\/strong><\/a><\/span><\/mark><\/p>\n","protected":false},"excerpt":{"rendered":"<p>March\u00e9 de printemps mardi 28 avril jusque 16 h 30 min avec boissons chaudes, g\u00e2teaux et discussions, toujours au profit des \u00e9l\u00e8ves de l\u2019\u00e9cole et du coll\u00e8ge ! Concours d\u2019\u00e9loquence<\/p>\n","protected":false},"author":5,"featured_media":0,"parent":0,"menu_order":0,"comment_status":"closed","ping_status":"closed","template":"","meta":[],"yoast_head":"<!-- This site is optimized with the Yoast SEO plugin v20.5 - https:\/\/yoast.com\/wordpress\/plugins\/seo\/ -->\n<title>Bienvenue \u00e0 Don Bosco, \u00e9cole et coll\u00e8ge \u00e0 Compi\u00e8gne - Groupe scolaire Don Bosco \u00e0 Compi\u00e8gne : GSDB.Fr<\/title>\n<meta name=\"description\" content=\"Le Groupe Scolaire Don Bosco de Compi\u00e8gne, \u00e9tablissement Hors Contrat, a pour devise Joie, Confiance et Pers\u00e9v\u00e9rance\" \/>\n<meta name=\"robots\" content=\"index, follow, max-snippet:-1, max-image-preview:large, max-video-preview:-1\" \/>\n<link rel=\"canonical\" href=\"https:\/\/www.gsdb.fr\/\" \/>\n<meta property=\"og:locale\" content=\"fr_FR\" \/>\n<meta property=\"og:type\" content=\"article\" \/>\n<meta property=\"og:title\" content=\"Bienvenue \u00e0 Don Bosco, \u00e9cole et coll\u00e8ge \u00e0 Compi\u00e8gne - Groupe scolaire Don Bosco \u00e0 Compi\u00e8gne : GSDB.Fr\" \/>\n<meta property=\"og:description\" content=\"Le Groupe Scolaire Don Bosco de Compi\u00e8gne, \u00e9tablissement Hors Contrat, a pour devise Joie, Confiance et Pers\u00e9v\u00e9rance\" \/>\n<meta property=\"og:url\" content=\"https:\/\/www.gsdb.fr\/\" \/>\n<meta property=\"og:site_name\" content=\"Groupe scolaire Don Bosco \u00e0 Compi\u00e8gne : GSDB.Fr\" \/>\n<meta property=\"article:modified_time\" content=\"2026-04-27T07:45:55+00:00\" \/>\n<meta property=\"og:image\" content=\"https:\/\/www.gsdb.fr\/wp-content\/uploads\/2026\/04\/IMG_4177.jpeg\" \/>\n<meta name=\"twitter:card\" content=\"summary_large_image\" \/>\n<meta name=\"twitter:label1\" content=\"Dur\u00e9e de lecture estim\u00e9e\" \/>\n\t<meta name=\"twitter:data1\" content=\"4 minutes\" \/>\n<script type=\"application\/ld+json\" class=\"yoast-schema-graph\">{\"@context\":\"https:\/\/schema.org\",\"@graph\":[{\"@type\":\"WebPage\",\"@id\":\"https:\/\/www.gsdb.fr\/\",\"url\":\"https:\/\/www.gsdb.fr\/\",\"name\":\"Bienvenue \u00e0 Don Bosco, \u00e9cole et coll\u00e8ge \u00e0 Compi\u00e8gne - Groupe scolaire Don Bosco \u00e0 Compi\u00e8gne : GSDB.Fr\",\"isPartOf\":{\"@id\":\"https:\/\/www.gsdb.fr\/#website\"},\"datePublished\":\"2019-04-04T12:21:13+00:00\",\"dateModified\":\"2026-04-27T07:45:55+00:00\",\"description\":\"Le Groupe Scolaire Don Bosco de Compi\u00e8gne, \u00e9tablissement Hors Contrat, a pour devise Joie, Confiance et Pers\u00e9v\u00e9rance\",\"breadcrumb\":{\"@id\":\"https:\/\/www.gsdb.fr\/#breadcrumb\"},\"inLanguage\":\"fr-FR\",\"potentialAction\":[{\"@type\":\"ReadAction\",\"target\":[\"https:\/\/www.gsdb.fr\/\"]}]},{\"@type\":\"BreadcrumbList\",\"@id\":\"https:\/\/www.gsdb.fr\/#breadcrumb\",\"itemListElement\":[{\"@type\":\"ListItem\",\"position\":1,\"name\":\"Accueil\",\"item\":\"https:\/\/www.gsdb.fr\/\"},{\"@type\":\"ListItem\",\"position\":2,\"name\":\"Bienvenue \u00e0 Don Bosco, \u00e9cole et coll\u00e8ge \u00e0 Compi\u00e8gne\"}]},{\"@type\":\"WebSite\",\"@id\":\"https:\/\/www.gsdb.fr\/#website\",\"url\":\"https:\/\/www.gsdb.fr\/\",\"name\":\"Groupe scolaire Don Bosco \u00e0 Compi\u00e8gne : GSDB.Fr\",\"description\":\"Confiance, Joie, Pers\u00e9v\u00e9rance !\",\"publisher\":{\"@id\":\"https:\/\/www.gsdb.fr\/#organization\"},\"potentialAction\":[{\"@type\":\"SearchAction\",\"target\":{\"@type\":\"EntryPoint\",\"urlTemplate\":\"https:\/\/www.gsdb.fr\/?s={search_term_string}\"},\"query-input\":\"required name=search_term_string\"}],\"inLanguage\":\"fr-FR\"},{\"@type\":\"Organization\",\"@id\":\"https:\/\/www.gsdb.fr\/#organization\",\"name\":\"Groupe Scolaire Don Bosco\",\"url\":\"https:\/\/www.gsdb.fr\/\",\"logo\":{\"@type\":\"ImageObject\",\"inLanguage\":\"fr-FR\",\"@id\":\"https:\/\/www.gsdb.fr\/#\/schema\/logo\/image\/\",\"url\":\"https:\/\/www.gsdb.fr\/wp-content\/uploads\/2018\/12\/cropped-blason-new-ss-bando-Q-3.png\",\"contentUrl\":\"https:\/\/www.gsdb.fr\/wp-content\/uploads\/2018\/12\/cropped-blason-new-ss-bando-Q-3.png\",\"width\":886,\"height\":948,\"caption\":\"Groupe Scolaire Don Bosco\"},\"image\":{\"@id\":\"https:\/\/www.gsdb.fr\/#\/schema\/logo\/image\/\"}}]}<\/script>\n<!-- \/ Yoast SEO plugin. -->","yoast_head_json":{"title":"Bienvenue \u00e0 Don Bosco, \u00e9cole et coll\u00e8ge \u00e0 Compi\u00e8gne - Groupe scolaire Don Bosco \u00e0 Compi\u00e8gne : GSDB.Fr","description":"Le Groupe Scolaire Don Bosco de Compi\u00e8gne, \u00e9tablissement Hors Contrat, a pour devise Joie, Confiance et Pers\u00e9v\u00e9rance","robots":{"index":"index","follow":"follow","max-snippet":"max-snippet:-1","max-image-preview":"max-image-preview:large","max-video-preview":"max-video-preview:-1"},"canonical":"https:\/\/www.gsdb.fr\/","og_locale":"fr_FR","og_type":"article","og_title":"Bienvenue \u00e0 Don Bosco, \u00e9cole et coll\u00e8ge \u00e0 Compi\u00e8gne - Groupe scolaire Don Bosco \u00e0 Compi\u00e8gne : GSDB.Fr","og_description":"Le Groupe Scolaire Don Bosco de Compi\u00e8gne, \u00e9tablissement Hors Contrat, a pour devise Joie, Confiance et Pers\u00e9v\u00e9rance","og_url":"https:\/\/www.gsdb.fr\/","og_site_name":"Groupe scolaire Don Bosco \u00e0 Compi\u00e8gne : GSDB.Fr","article_modified_time":"2026-04-27T07:45:55+00:00","og_image":[{"url":"https:\/\/www.gsdb.fr\/wp-content\/uploads\/2026\/04\/IMG_4177.jpeg"}],"twitter_card":"summary_large_image","twitter_misc":{"Dur\u00e9e de lecture estim\u00e9e":"4 minutes"},"schema":{"@context":"https:\/\/schema.org","@graph":[{"@type":"WebPage","@id":"https:\/\/www.gsdb.fr\/","url":"https:\/\/www.gsdb.fr\/","name":"Bienvenue \u00e0 Don Bosco, \u00e9cole et coll\u00e8ge \u00e0 Compi\u00e8gne - Groupe scolaire Don Bosco \u00e0 Compi\u00e8gne : GSDB.Fr","isPartOf":{"@id":"https:\/\/www.gsdb.fr\/#website"},"datePublished":"2019-04-04T12:21:13+00:00","dateModified":"2026-04-27T07:45:55+00:00","description":"Le Groupe Scolaire Don Bosco de Compi\u00e8gne, \u00e9tablissement Hors Contrat, a pour devise Joie, Confiance et Pers\u00e9v\u00e9rance","breadcrumb":{"@id":"https:\/\/www.gsdb.fr\/#breadcrumb"},"inLanguage":"fr-FR","potentialAction":[{"@type":"ReadAction","target":["https:\/\/www.gsdb.fr\/"]}]},{"@type":"BreadcrumbList","@id":"https:\/\/www.gsdb.fr\/#breadcrumb","itemListElement":[{"@type":"ListItem","position":1,"name":"Accueil","item":"https:\/\/www.gsdb.fr\/"},{"@type":"ListItem","position":2,"name":"Bienvenue \u00e0 Don Bosco, \u00e9cole et coll\u00e8ge \u00e0 Compi\u00e8gne"}]},{"@type":"WebSite","@id":"https:\/\/www.gsdb.fr\/#website","url":"https:\/\/www.gsdb.fr\/","name":"Groupe scolaire Don Bosco \u00e0 Compi\u00e8gne : GSDB.Fr","description":"Confiance, Joie, Pers\u00e9v\u00e9rance !","publisher":{"@id":"https:\/\/www.gsdb.fr\/#organization"},"potentialAction":[{"@type":"SearchAction","target":{"@type":"EntryPoint","urlTemplate":"https:\/\/www.gsdb.fr\/?s={search_term_string}"},"query-input":"required name=search_term_string"}],"inLanguage":"fr-FR"},{"@type":"Organization","@id":"https:\/\/www.gsdb.fr\/#organization","name":"Groupe Scolaire Don Bosco","url":"https:\/\/www.gsdb.fr\/","logo":{"@type":"ImageObject","inLanguage":"fr-FR","@id":"https:\/\/www.gsdb.fr\/#\/schema\/logo\/image\/","url":"https:\/\/www.gsdb.fr\/wp-content\/uploads\/2018\/12\/cropped-blason-new-ss-bando-Q-3.png","contentUrl":"https:\/\/www.gsdb.fr\/wp-content\/uploads\/2018\/12\/cropped-blason-new-ss-bando-Q-3.png","width":886,"height":948,"caption":"Groupe Scolaire Don Bosco"},"image":{"@id":"https:\/\/www.gsdb.fr\/#\/schema\/logo\/image\/"}}]}},"_links":{"self":[{"href":"https:\/\/www.gsdb.fr\/index.php\/wp-json\/wp\/v2\/pages\/1248"}],"collection":[{"href":"https:\/\/www.gsdb.fr\/index.php\/wp-json\/wp\/v2\/pages"}],"about":[{"href":"https:\/\/www.gsdb.fr\/index.php\/wp-json\/wp\/v2\/types\/page"}],"author":[{"embeddable":true,"href":"https:\/\/www.gsdb.fr\/index.php\/wp-json\/wp\/v2\/users\/5"}],"replies":[{"embeddable":true,"href":"https:\/\/www.gsdb.fr\/index.php\/wp-json\/wp\/v2\/comments?post=1248"}],"version-history":[{"count":294,"href":"https:\/\/www.gsdb.fr\/index.php\/wp-json\/wp\/v2\/pages\/1248\/revisions"}],"predecessor-version":[{"id":4929,"href":"https:\/\/www.gsdb.fr\/index.php\/wp-json\/wp\/v2\/pages\/1248\/revisions\/4929"}],"wp:attachment":[{"href":"https:\/\/www.gsdb.fr\/index.php\/wp-json\/wp\/v2\/media?parent=1248"}],"curies":[{"name":"wp","href":"https:\/\/api.w.org\/{rel}","templated":true}]}}