{"id":1287,"date":"2019-05-07T10:11:24","date_gmt":"2019-05-07T08:11:24","guid":{"rendered":"http:\/\/www.gsdb.fr\/?page_id=1287"},"modified":"2025-11-07T22:02:23","modified_gmt":"2025-11-07T21:02:23","slug":"fournitures-annee-2019-2020","status":"publish","type":"page","link":"https:\/\/www.gsdb.fr\/index.php\/fournitures-annee-2019-2020\/","title":{"rendered":"Fournitures d\u2019ann\u00e9e"},"content":{"rendered":"\n<p class=\"has-text-align-center has-black-color has-text-color has-background\" style=\"background:radial-gradient(rgb(255,245,203) 0%,rgb(182,227,212) 50%,rgb(51,167,181) 100%)\"><strong>Liste par niveau des manuels scolaires et des fournitures pour l&rsquo;ann\u00e9e 2025 &#8211; 2026<\/strong> :<\/p>\n\n\n\n<h2 class=\"wp-block-heading\">&nbsp;\u00c9COLE <strong>MATERNELLE<\/strong> &amp; <strong>PRIMAIRE<\/strong><\/h2>\n\n\n\n<div class=\"wp-block-group is-layout-constrained\"><div class=\"wp-block-group__inner-container\"><\/div><\/div>\n\n\n\n<p>Pour les PS :<span style=\"color: #000080;\"><span style=\"color: #000000;\">   <\/span><\/span><a href=\"https:\/\/www.gsdb.fr\/wp-content\/uploads\/2025\/06\/PS-fournitures.pdf\"><mark style=\"background-color:rgba(0, 0, 0, 0)\" class=\"has-inline-color has-vivid-cyan-blue-color\">PS Fournitures<\/mark><\/a> et <a href=\"https:\/\/www.gsdb.fr\/wp-content\/uploads\/2025\/06\/Questionnaire-debut-dannee-PS-MS.pdf\"><mark style=\"background-color:rgba(0, 0, 0, 0)\" class=\"has-inline-color has-vivid-cyan-blue-color\">PS Questionnaire d\u00e9but d&rsquo;ann\u00e9e<\/mark><\/a><\/p>\n\n\n\n<p>Pour les MS :<span style=\"color: #0000ff;\"> <\/span><a href=\"https:\/\/www.gsdb.fr\/wp-content\/uploads\/2025\/06\/MS-fournitures.pdf\"><mark style=\"background-color:rgba(0, 0, 0, 0)\" class=\"has-inline-color has-vivid-cyan-blue-color\">MS Fournitures<\/mark><\/a> et <a href=\"https:\/\/www.gsdb.fr\/wp-content\/uploads\/2025\/06\/Questionnaire-debut-dannee-PS-MS.pdf\"><mark style=\"background-color:rgba(0, 0, 0, 0)\" class=\"has-inline-color has-vivid-cyan-blue-color\">MS Questionnaire d\u00e9but d&rsquo;ann\u00e9e<\/mark><\/a><\/p>\n\n\n\n<p>Pour les GS : <a href=\"https:\/\/www.gsdb.fr\/wp-content\/uploads\/2025\/06\/GS-fournitures-1.pdf\"><mark style=\"background-color:rgba(0, 0, 0, 0)\" class=\"has-inline-color has-vivid-cyan-blue-color\">GS Fournitures<\/mark><\/a><span style=\"color: #0000ff;\">&nbsp;<\/span>et <a href=\"https:\/\/www.gsdb.fr\/wp-content\/uploads\/2025\/06\/GS-manuels.pdf\"><mark style=\"background-color:rgba(0, 0, 0, 0)\" class=\"has-inline-color has-vivid-cyan-blue-color\">GS Manuels<\/mark><\/a><\/p>\n\n\n\n<p><mark style=\"background-color:rgba(0, 0, 0, 0)\" class=\"has-inline-color has-black-color\">Pour les CP<\/mark><mark style=\"background-color:rgba(0, 0, 0, 0)\" class=\"has-inline-color has-vivid-cyan-blue-color\"> : <\/mark><a href=\"https:\/\/www.gsdb.fr\/wp-content\/uploads\/2025\/06\/CP-fournitures.pdf\"><mark style=\"background-color:rgba(0, 0, 0, 0)\" class=\"has-inline-color has-vivid-cyan-blue-color\">CP Fournitures<\/mark><\/a><mark style=\"background-color:rgba(0, 0, 0, 0)\" class=\"has-inline-color has-vivid-cyan-blue-color\">\u00a0\u00a0<span style=\"color: #000000;\">et <\/span><\/mark><a href=\"https:\/\/www.gsdb.fr\/wp-content\/uploads\/2025\/06\/CP-manuels.pdf\"><mark style=\"background-color:rgba(0, 0, 0, 0)\" class=\"has-inline-color has-vivid-cyan-blue-color\">CP Manuels<\/mark><\/a><span style=\"color: #0000ff;\"><mark style=\"background-color:rgba(0, 0, 0, 0)\" class=\"has-inline-color has-vivid-cyan-blue-color\">\u00a0<\/mark><\/span><\/p>\n\n\n\n<p>Pour les CE 1 : <a href=\"https:\/\/www.gsdb.fr\/wp-content\/uploads\/2025\/06\/CE1-lectures.pdf\"><span style=\"color: #0000ff;\"><mark style=\"background-color:rgba(0, 0, 0, 0)\" class=\"has-inline-color has-vivid-cyan-blue-color\">CE1 Lectures<\/mark><\/span><\/a><span style=\"color: #0000ff;\"><mark style=\"background-color:rgba(0, 0, 0, 0)\" class=\"has-inline-color has-vivid-cyan-blue-color\"> , <\/mark><a href=\"https:\/\/www.gsdb.fr\/wp-content\/uploads\/2025\/06\/CE1-fournitures.pdf\"><mark style=\"background-color:rgba(0, 0, 0, 0)\" class=\"has-inline-color has-vivid-cyan-blue-color\">CE1 Fournitures<\/mark><\/a><\/span>&nbsp; et <span style=\"color: #0000ff;\"><a href=\"https:\/\/www.gsdb.fr\/wp-content\/uploads\/2025\/06\/CE1-manuels.pdf\"><mark style=\"background-color:rgba(0, 0, 0, 0)\" class=\"has-inline-color has-vivid-cyan-blue-color\">CE1 Manuels<\/mark><\/a><\/span><\/p>\n\n\n\n<p>Pour les CE 2 : <span style=\"color: #0000ff;\"><a href=\"https:\/\/www.gsdb.fr\/wp-content\/uploads\/2025\/06\/CE2-lectures.pdf\"><mark style=\"background-color:rgba(0, 0, 0, 0)\" class=\"has-inline-color has-vivid-cyan-blue-color\">CE2 Lectures<\/mark><\/a><mark style=\"background-color:rgba(0, 0, 0, 0)\" class=\"has-inline-color has-vivid-cyan-blue-color\">, <\/mark><\/span><a href=\"https:\/\/www.gsdb.fr\/wp-content\/uploads\/2025\/06\/CE2-fournitures.pdf\"><mark style=\"background-color:rgba(0, 0, 0, 0)\" class=\"has-inline-color has-vivid-cyan-blue-color\">CE2 Fournitures<\/mark><\/a><span style=\"color: #000080;\"> <span style=\"color: #000000;\">et<\/span>&nbsp;<\/span><a href=\"https:\/\/www.gsdb.fr\/wp-content\/uploads\/2025\/06\/CE2-manuels.pdf\"><mark style=\"background-color:rgba(0, 0, 0, 0)\" class=\"has-inline-color has-vivid-cyan-blue-color\">CE2 Manuels<\/mark><\/a><\/p>\n\n\n\n<p>Pour les CM 1 : <span style=\"color: #0000ff;\"><a href=\"https:\/\/www.gsdb.fr\/wp-content\/uploads\/2025\/06\/CM1-lectures.pdf\"><mark style=\"background-color:rgba(0, 0, 0, 0)\" class=\"has-inline-color has-vivid-cyan-blue-color\">CM1 Lecture d&rsquo;\u00e9t\u00e9<\/mark><\/a><\/span><span style=\"color: #000080;\"><mark style=\"background-color:rgba(0, 0, 0, 0)\" class=\"has-inline-color has-vivid-cyan-blue-color\">, <\/mark><span style=\"color: #0000ff;\"><a href=\"https:\/\/www.gsdb.fr\/wp-content\/uploads\/2025\/06\/CM1-fournitures.pdf\"><mark style=\"background-color:rgba(0, 0, 0, 0)\" class=\"has-inline-color has-vivid-cyan-blue-color\">CM1 Fournitures<\/mark><\/a><\/span><\/span>&nbsp;et <span style=\"color: #0000ff;\"><a href=\"https:\/\/www.gsdb.fr\/wp-content\/uploads\/2025\/06\/CM1-manuels.pdf\"><mark style=\"background-color:rgba(0, 0, 0, 0)\" class=\"has-inline-color has-vivid-cyan-blue-color\">CM1 Manuels<\/mark><\/a><\/span><\/p>\n\n\n\n<p>Pour les CM 2 <a href=\"https:\/\/www.gsdb.fr\/wp-content\/uploads\/2025\/06\/CM2-lectures.pdf\"><mark style=\"background-color:rgba(0, 0, 0, 0)\" class=\"has-inline-color has-vivid-cyan-blue-color\">CM2 Lecture d&rsquo;\u00e9t\u00e9<\/mark><\/a>,  <span style=\"color: #0000ff;\"><a href=\"https:\/\/www.gsdb.fr\/wp-content\/uploads\/2025\/06\/CM2-fournitures.pdf\"><mark style=\"background-color:rgba(0, 0, 0, 0)\" class=\"has-inline-color has-vivid-cyan-blue-color\">CM2 Fournitures<\/mark><\/a><\/span>&nbsp;et <span style=\"color: #0000ff;\"><a href=\"https:\/\/www.gsdb.fr\/wp-content\/uploads\/2025\/06\/CM2-manuels.pdf\"><mark style=\"background-color:rgba(0, 0, 0, 0)\" class=\"has-inline-color has-vivid-cyan-blue-color\">CM2 Manuels<\/mark><\/a><\/span><\/p>\n\n\n\n<h3 class=\"wp-block-heading\">\u00c9COLE <strong>SECONDAIRE<\/strong> (coll\u00e8ge)<\/h3>\n\n\n\n<p>Pour les 6e :<span style=\"color: #0000ff;\"> <\/span><a href=\"https:\/\/www.gsdb.fr\/wp-content\/uploads\/2025\/06\/6e-lectures.pdf\"><mark style=\"background-color:rgba(0, 0, 0, 0)\" class=\"has-inline-color has-vivid-cyan-blue-color\">6e Lectures<\/mark><\/a>, <a href=\"https:\/\/www.gsdb.fr\/wp-content\/uploads\/2025\/06\/6e-fournitures.pdf\"><mark style=\"background-color:rgba(0, 0, 0, 0)\" class=\"has-inline-color has-vivid-cyan-blue-color\">6e Fournitures<\/mark><\/a> et <a href=\"https:\/\/www.gsdb.fr\/wp-content\/uploads\/2025\/06\/6e-manuels.pdf\"><mark style=\"background-color:rgba(0, 0, 0, 0)\" class=\"has-inline-color has-vivid-cyan-blue-color\">6e Manuels<\/mark><\/a><\/p>\n\n\n\n<p>Pour les 5e :<span style=\"color: #000080;\">&nbsp;<\/span><a href=\"https:\/\/www.gsdb.fr\/wp-content\/uploads\/2025\/06\/5e-lectures.pdf\"><mark style=\"background-color:rgba(0, 0, 0, 0)\" class=\"has-inline-color has-vivid-cyan-blue-color\">5e Lectures<\/mark><\/a>, <a href=\"https:\/\/www.gsdb.fr\/wp-content\/uploads\/2025\/06\/5e-fournitures.pdf\"><mark style=\"background-color:rgba(0, 0, 0, 0)\" class=\"has-inline-color has-vivid-cyan-blue-color\">5e Fournitures<\/mark><\/a> et <a href=\"https:\/\/www.gsdb.fr\/wp-content\/uploads\/2025\/06\/5e-manuels.pdf\"><mark style=\"background-color:rgba(0, 0, 0, 0)\" class=\"has-inline-color has-vivid-cyan-blue-color\">5e Manuels<\/mark><\/a><\/p>\n\n\n\n<p>Pour les 3e : <a href=\"https:\/\/www.gsdb.fr\/wp-content\/uploads\/2025\/06\/3e-lectures.pdf\"><mark style=\"background-color:rgba(0, 0, 0, 0)\" class=\"has-inline-color has-vivid-cyan-blue-color\">3e Lectures<\/mark><\/a>, <a href=\"https:\/\/www.gsdb.fr\/wp-content\/uploads\/2025\/06\/3e-fournitures.pdf\"><mark style=\"background-color:rgba(0, 0, 0, 0)\" class=\"has-inline-color has-vivid-cyan-blue-color\">3e Fournitures<\/mark><\/a> et <a href=\"https:\/\/www.gsdb.fr\/wp-content\/uploads\/2025\/06\/3e-manuels.pdf\"><mark style=\"background-color:rgba(0, 0, 0, 0)\" class=\"has-inline-color has-vivid-cyan-blue-color\">3e Manuels<\/mark><\/a><\/p>\n\n\n\n<p><\/p>\n\n\n\n<hr class=\"wp-block-separator has-alpha-channel-opacity\"\/>\n\n\n\n<p class=\"has-text-align-center\">Pour les familles qui souhaitent commander par correspondance aupr\u00e8s du site [<a href=\"http:\/\/www.rentreediscount.com\" target=\"_blank\" rel=\"noreferrer noopener\"><span style=\"text-decoration: underline;\">rentreediscount.com<\/span><\/a>] :<\/p>\n\n\n\n<p class=\"has-text-align-center\">Leur site dispose de nos listes de fournitures \u00e0 jour,<\/p>\n\n\n\n<p class=\"has-text-align-center\">desquelles il faut retirer les quelques articles directement fournis par Don Bosco.<\/p>\n\n\n\n<p class=\"has-text-align-center\"><strong>Cliquez sur l\u2019image<\/strong>, param\u00e9tr\u00e9e pour notre rentr\u00e9e 2025,<br>puis cr\u00e9ez votre compte ou connectez-vous y,<\/p>\n\n\n\n<p class=\"has-text-align-center\">et saisissez le code en majuscules <strong>25RJ3H1 pour la rentr\u00e9e 2025<\/strong><\/p>\n\n\n\n<p class=\"has-text-align-center\">au plus tard \u00e0 l\u2019\u00e9tape finale de votre commande,<\/p>\n\n\n\n<p class=\"has-text-align-center\">gr\u00e2ce \u00e0 laquelle Don Bosco recevra une petite commission.<\/p>\n\n\n\n<figure class=\"wp-block-gallery has-nested-images columns-default is-cropped wp-block-gallery-2 is-layout-flex\">\n<figure class=\"wp-block-image size-large\"><a href=\"https:\/\/www.rentreediscount.com\/etablissement\/DON-BOSCO-0602151M-51858631.html\" target=\"_blank\" rel=\"noreferrer noopener\"><img decoding=\"async\" loading=\"lazy\" width=\"728\" height=\"90\" data-id=\"2409\"  src=\"https:\/\/www.gsdb.fr\/wp-content\/uploads\/2023\/07\/Ban-RD-horizontale.jpg\" alt=\"\" class=\"wp-image-2409\" srcset=\"https:\/\/www.gsdb.fr\/wp-content\/uploads\/2023\/07\/Ban-RD-horizontale.jpg 728w, https:\/\/www.gsdb.fr\/wp-content\/uploads\/2023\/07\/Ban-RD-horizontale-300x37.jpg 300w, https:\/\/www.gsdb.fr\/wp-content\/uploads\/2023\/07\/Ban-RD-horizontale-150x19.jpg 150w\" sizes=\"(max-width: 728px) 100vw, 728px\" \/><\/a><\/figure>\n<\/figure>\n\n\n<div class=\"wp-block-image\">\n<figure class=\"aligncenter size-large\"><a href=\"https:\/\/www.rentreediscount.com\/etablissement\/DON-BOSCO-0602151M-51858631.html\" target=\"_blank\" rel=\"noreferrer noopener\"><img decoding=\"async\" loading=\"lazy\" width=\"767\" height=\"1024\" src=\"https:\/\/www.gsdb.fr\/wp-content\/uploads\/2025\/08\/RentreeDiscount-2025-767x1024.jpg\" alt=\"\" class=\"wp-image-2816\" srcset=\"https:\/\/www.gsdb.fr\/wp-content\/uploads\/2025\/08\/RentreeDiscount-2025-767x1024.jpg 767w, https:\/\/www.gsdb.fr\/wp-content\/uploads\/2025\/08\/RentreeDiscount-2025-225x300.jpg 225w, https:\/\/www.gsdb.fr\/wp-content\/uploads\/2025\/08\/RentreeDiscount-2025-112x150.jpg 112w, https:\/\/www.gsdb.fr\/wp-content\/uploads\/2025\/08\/RentreeDiscount-2025-768x1026.jpg 768w, https:\/\/www.gsdb.fr\/wp-content\/uploads\/2025\/08\/RentreeDiscount-2025-1150x1536.jpg 1150w, https:\/\/www.gsdb.fr\/wp-content\/uploads\/2025\/08\/RentreeDiscount-2025-1534x2048.jpg 1534w, https:\/\/www.gsdb.fr\/wp-content\/uploads\/2025\/08\/RentreeDiscount-2025.bmp 1750w\" sizes=\"(max-width: 767px) 100vw, 767px\" \/><\/a><\/figure><\/div>","protected":false},"excerpt":{"rendered":"<p>Liste par niveau des manuels scolaires et des fournitures pour l&rsquo;ann\u00e9e 2025 &#8211; 2026 : &nbsp;\u00c9COLE MATERNELLE &amp; PRIMAIRE Pour les PS : PS Fournitures et PS Questionnaire d\u00e9but d&rsquo;ann\u00e9e<\/p>\n","protected":false},"author":5,"featured_media":0,"parent":0,"menu_order":0,"comment_status":"closed","ping_status":"closed","template":"","meta":[],"yoast_head":"<!-- This site is optimized with the Yoast SEO plugin v20.5 - https:\/\/yoast.com\/wordpress\/plugins\/seo\/ -->\n<title>Fournitures d\u2019ann\u00e9e - Groupe scolaire Don Bosco \u00e0 Compi\u00e8gne : GSDB.Fr<\/title>\n<meta name=\"description\" content=\"Le Groupe Scolaire Don Bosco de Compi\u00e8gne, \u00e9tablissement Hors Contrat, a pour devise Joie, Confiance et Pers\u00e9v\u00e9rance\" \/>\n<meta name=\"robots\" content=\"index, follow, max-snippet:-1, max-image-preview:large, max-video-preview:-1\" \/>\n<link rel=\"canonical\" href=\"https:\/\/www.gsdb.fr\/index.php\/fournitures-annee-2019-2020\/\" \/>\n<meta property=\"og:locale\" content=\"fr_FR\" \/>\n<meta property=\"og:type\" content=\"article\" \/>\n<meta property=\"og:title\" content=\"Fournitures d\u2019ann\u00e9e - Groupe scolaire Don Bosco \u00e0 Compi\u00e8gne : GSDB.Fr\" \/>\n<meta property=\"og:description\" content=\"Le Groupe Scolaire Don Bosco de Compi\u00e8gne, \u00e9tablissement Hors Contrat, a pour devise Joie, Confiance et Pers\u00e9v\u00e9rance\" \/>\n<meta property=\"og:url\" content=\"https:\/\/www.gsdb.fr\/index.php\/fournitures-annee-2019-2020\/\" \/>\n<meta property=\"og:site_name\" content=\"Groupe scolaire Don Bosco \u00e0 Compi\u00e8gne : GSDB.Fr\" \/>\n<meta property=\"article:modified_time\" content=\"2025-11-07T21:02:23+00:00\" \/>\n<meta property=\"og:image\" content=\"http:\/\/www.gsdb.fr\/wp-content\/uploads\/2023\/07\/Ban-RD-horizontale.jpg\" \/>\n<meta name=\"twitter:card\" content=\"summary_large_image\" \/>\n<meta name=\"twitter:label1\" content=\"Dur\u00e9e de lecture estim\u00e9e\" \/>\n\t<meta name=\"twitter:data1\" content=\"2 minutes\" \/>\n<script type=\"application\/ld+json\" class=\"yoast-schema-graph\">{\"@context\":\"https:\/\/schema.org\",\"@graph\":[{\"@type\":\"WebPage\",\"@id\":\"https:\/\/www.gsdb.fr\/index.php\/fournitures-annee-2019-2020\/\",\"url\":\"https:\/\/www.gsdb.fr\/index.php\/fournitures-annee-2019-2020\/\",\"name\":\"Fournitures d\u2019ann\u00e9e - Groupe scolaire Don Bosco \u00e0 Compi\u00e8gne : GSDB.Fr\",\"isPartOf\":{\"@id\":\"https:\/\/www.gsdb.fr\/#website\"},\"datePublished\":\"2019-05-07T08:11:24+00:00\",\"dateModified\":\"2025-11-07T21:02:23+00:00\",\"description\":\"Le Groupe Scolaire Don Bosco de Compi\u00e8gne, \u00e9tablissement Hors Contrat, a pour devise Joie, Confiance et Pers\u00e9v\u00e9rance\",\"breadcrumb\":{\"@id\":\"https:\/\/www.gsdb.fr\/index.php\/fournitures-annee-2019-2020\/#breadcrumb\"},\"inLanguage\":\"fr-FR\",\"potentialAction\":[{\"@type\":\"ReadAction\",\"target\":[\"https:\/\/www.gsdb.fr\/index.php\/fournitures-annee-2019-2020\/\"]}]},{\"@type\":\"BreadcrumbList\",\"@id\":\"https:\/\/www.gsdb.fr\/index.php\/fournitures-annee-2019-2020\/#breadcrumb\",\"itemListElement\":[{\"@type\":\"ListItem\",\"position\":1,\"name\":\"Accueil\",\"item\":\"https:\/\/www.gsdb.fr\/\"},{\"@type\":\"ListItem\",\"position\":2,\"name\":\"Fournitures d\u2019ann\u00e9e\"}]},{\"@type\":\"WebSite\",\"@id\":\"https:\/\/www.gsdb.fr\/#website\",\"url\":\"https:\/\/www.gsdb.fr\/\",\"name\":\"Groupe scolaire Don Bosco \u00e0 Compi\u00e8gne : GSDB.Fr\",\"description\":\"Confiance, Joie, Pers\u00e9v\u00e9rance !\",\"publisher\":{\"@id\":\"https:\/\/www.gsdb.fr\/#organization\"},\"potentialAction\":[{\"@type\":\"SearchAction\",\"target\":{\"@type\":\"EntryPoint\",\"urlTemplate\":\"https:\/\/www.gsdb.fr\/?s={search_term_string}\"},\"query-input\":\"required name=search_term_string\"}],\"inLanguage\":\"fr-FR\"},{\"@type\":\"Organization\",\"@id\":\"https:\/\/www.gsdb.fr\/#organization\",\"name\":\"Groupe Scolaire Don Bosco\",\"url\":\"https:\/\/www.gsdb.fr\/\",\"logo\":{\"@type\":\"ImageObject\",\"inLanguage\":\"fr-FR\",\"@id\":\"https:\/\/www.gsdb.fr\/#\/schema\/logo\/image\/\",\"url\":\"https:\/\/www.gsdb.fr\/wp-content\/uploads\/2018\/12\/cropped-blason-new-ss-bando-Q-3.png\",\"contentUrl\":\"https:\/\/www.gsdb.fr\/wp-content\/uploads\/2018\/12\/cropped-blason-new-ss-bando-Q-3.png\",\"width\":886,\"height\":948,\"caption\":\"Groupe Scolaire Don Bosco\"},\"image\":{\"@id\":\"https:\/\/www.gsdb.fr\/#\/schema\/logo\/image\/\"}}]}<\/script>\n<!-- \/ Yoast SEO plugin. -->","yoast_head_json":{"title":"Fournitures d\u2019ann\u00e9e - Groupe scolaire Don Bosco \u00e0 Compi\u00e8gne : GSDB.Fr","description":"Le Groupe Scolaire Don Bosco de Compi\u00e8gne, \u00e9tablissement Hors Contrat, a pour devise Joie, Confiance et Pers\u00e9v\u00e9rance","robots":{"index":"index","follow":"follow","max-snippet":"max-snippet:-1","max-image-preview":"max-image-preview:large","max-video-preview":"max-video-preview:-1"},"canonical":"https:\/\/www.gsdb.fr\/index.php\/fournitures-annee-2019-2020\/","og_locale":"fr_FR","og_type":"article","og_title":"Fournitures d\u2019ann\u00e9e - Groupe scolaire Don Bosco \u00e0 Compi\u00e8gne : GSDB.Fr","og_description":"Le Groupe Scolaire Don Bosco de Compi\u00e8gne, \u00e9tablissement Hors Contrat, a pour devise Joie, Confiance et Pers\u00e9v\u00e9rance","og_url":"https:\/\/www.gsdb.fr\/index.php\/fournitures-annee-2019-2020\/","og_site_name":"Groupe scolaire Don Bosco \u00e0 Compi\u00e8gne : GSDB.Fr","article_modified_time":"2025-11-07T21:02:23+00:00","og_image":[{"url":"http:\/\/www.gsdb.fr\/wp-content\/uploads\/2023\/07\/Ban-RD-horizontale.jpg"}],"twitter_card":"summary_large_image","twitter_misc":{"Dur\u00e9e de lecture estim\u00e9e":"2 minutes"},"schema":{"@context":"https:\/\/schema.org","@graph":[{"@type":"WebPage","@id":"https:\/\/www.gsdb.fr\/index.php\/fournitures-annee-2019-2020\/","url":"https:\/\/www.gsdb.fr\/index.php\/fournitures-annee-2019-2020\/","name":"Fournitures d\u2019ann\u00e9e - Groupe scolaire Don Bosco \u00e0 Compi\u00e8gne : GSDB.Fr","isPartOf":{"@id":"https:\/\/www.gsdb.fr\/#website"},"datePublished":"2019-05-07T08:11:24+00:00","dateModified":"2025-11-07T21:02:23+00:00","description":"Le Groupe Scolaire Don Bosco de Compi\u00e8gne, \u00e9tablissement Hors Contrat, a pour devise Joie, Confiance et Pers\u00e9v\u00e9rance","breadcrumb":{"@id":"https:\/\/www.gsdb.fr\/index.php\/fournitures-annee-2019-2020\/#breadcrumb"},"inLanguage":"fr-FR","potentialAction":[{"@type":"ReadAction","target":["https:\/\/www.gsdb.fr\/index.php\/fournitures-annee-2019-2020\/"]}]},{"@type":"BreadcrumbList","@id":"https:\/\/www.gsdb.fr\/index.php\/fournitures-annee-2019-2020\/#breadcrumb","itemListElement":[{"@type":"ListItem","position":1,"name":"Accueil","item":"https:\/\/www.gsdb.fr\/"},{"@type":"ListItem","position":2,"name":"Fournitures d\u2019ann\u00e9e"}]},{"@type":"WebSite","@id":"https:\/\/www.gsdb.fr\/#website","url":"https:\/\/www.gsdb.fr\/","name":"Groupe scolaire Don Bosco \u00e0 Compi\u00e8gne : GSDB.Fr","description":"Confiance, Joie, Pers\u00e9v\u00e9rance !","publisher":{"@id":"https:\/\/www.gsdb.fr\/#organization"},"potentialAction":[{"@type":"SearchAction","target":{"@type":"EntryPoint","urlTemplate":"https:\/\/www.gsdb.fr\/?s={search_term_string}"},"query-input":"required name=search_term_string"}],"inLanguage":"fr-FR"},{"@type":"Organization","@id":"https:\/\/www.gsdb.fr\/#organization","name":"Groupe Scolaire Don Bosco","url":"https:\/\/www.gsdb.fr\/","logo":{"@type":"ImageObject","inLanguage":"fr-FR","@id":"https:\/\/www.gsdb.fr\/#\/schema\/logo\/image\/","url":"https:\/\/www.gsdb.fr\/wp-content\/uploads\/2018\/12\/cropped-blason-new-ss-bando-Q-3.png","contentUrl":"https:\/\/www.gsdb.fr\/wp-content\/uploads\/2018\/12\/cropped-blason-new-ss-bando-Q-3.png","width":886,"height":948,"caption":"Groupe Scolaire Don Bosco"},"image":{"@id":"https:\/\/www.gsdb.fr\/#\/schema\/logo\/image\/"}}]}},"_links":{"self":[{"href":"https:\/\/www.gsdb.fr\/index.php\/wp-json\/wp\/v2\/pages\/1287"}],"collection":[{"href":"https:\/\/www.gsdb.fr\/index.php\/wp-json\/wp\/v2\/pages"}],"about":[{"href":"https:\/\/www.gsdb.fr\/index.php\/wp-json\/wp\/v2\/types\/page"}],"author":[{"embeddable":true,"href":"https:\/\/www.gsdb.fr\/index.php\/wp-json\/wp\/v2\/users\/5"}],"replies":[{"embeddable":true,"href":"https:\/\/www.gsdb.fr\/index.php\/wp-json\/wp\/v2\/comments?post=1287"}],"version-history":[{"count":86,"href":"https:\/\/www.gsdb.fr\/index.php\/wp-json\/wp\/v2\/pages\/1287\/revisions"}],"predecessor-version":[{"id":4154,"href":"https:\/\/www.gsdb.fr\/index.php\/wp-json\/wp\/v2\/pages\/1287\/revisions\/4154"}],"wp:attachment":[{"href":"https:\/\/www.gsdb.fr\/index.php\/wp-json\/wp\/v2\/media?parent=1287"}],"curies":[{"name":"wp","href":"https:\/\/api.w.org\/{rel}","templated":true}]}}