{"id":2064,"date":"2021-09-09T17:44:31","date_gmt":"2021-09-09T15:44:31","guid":{"rendered":"http:\/\/www.gsdb.fr\/?page_id=2064"},"modified":"2021-09-09T17:44:31","modified_gmt":"2021-09-09T15:44:31","slug":"2018-2019","status":"publish","type":"page","link":"https:\/\/www.gsdb.fr\/index.php\/2018-2019\/","title":{"rendered":"2018-2019"},"content":{"rendered":"\n<figure class=\"wp-block-embed-wordpress wp-block-embed is-type-wp-embed is-provider-groupe-scolaire-don-bosco\"><div class=\"wp-block-embed__wrapper\">\n<blockquote class=\"wp-embedded-content\" data-secret=\"PqF3VDutaB\"><a href=\"https:\/\/www.gsdb.fr\/index.php\/2019\/08\/19\/14-juin-2019-pelerinage-a-labbaye-de-chiry-ourscamp\/\">P\u00e9lerinage \u00e0 l&rsquo;abbaye de Chiry-Ourscamp<\/a><\/blockquote><iframe class=\"wp-embedded-content\" sandbox=\"allow-scripts\" security=\"restricted\" style=\"position: absolute; clip: rect(1px, 1px, 1px, 1px);\" title=\"\u00ab\u00a0P\u00e9lerinage \u00e0 l&rsquo;abbaye de Chiry-Ourscamp\u00a0\u00bb &#8212; Groupe Scolaire Don Bosco\" src=\"https:\/\/www.gsdb.fr\/index.php\/2019\/08\/19\/14-juin-2019-pelerinage-a-labbaye-de-chiry-ourscamp\/embed\/#?secret=PqF3VDutaB\" data-secret=\"PqF3VDutaB\" width=\"600\" height=\"338\" frameborder=\"0\" marginwidth=\"0\" marginheight=\"0\" scrolling=\"no\"><\/iframe>\n<\/div><\/figure>\n\n\n\n<figure class=\"wp-block-embed-wordpress wp-block-embed is-type-wp-embed is-provider-groupe-scolaire-don-bosco\"><div class=\"wp-block-embed__wrapper\">\n<blockquote class=\"wp-embedded-content\" data-secret=\"4lZr78EtMb\"><a href=\"https:\/\/www.gsdb.fr\/index.php\/2018\/12\/18\/coupe-du-monde-de-football-a-don-bosco\/\">Tournoi de football \u00e0 Don Bosco !<\/a><\/blockquote><iframe class=\"wp-embedded-content\" sandbox=\"allow-scripts\" security=\"restricted\" style=\"position: absolute; clip: rect(1px, 1px, 1px, 1px);\" title=\"\u00ab\u00a0Tournoi de football \u00e0 Don Bosco !\u00a0\u00bb &#8212; Groupe Scolaire Don Bosco\" src=\"https:\/\/www.gsdb.fr\/index.php\/2018\/12\/18\/coupe-du-monde-de-football-a-don-bosco\/embed\/#?secret=4lZr78EtMb\" data-secret=\"4lZr78EtMb\" width=\"600\" height=\"338\" frameborder=\"0\" marginwidth=\"0\" marginheight=\"0\" scrolling=\"no\"><\/iframe>\n<\/div><\/figure>\n\n\n\n<figure class=\"wp-block-embed-wordpress wp-block-embed is-type-wp-embed is-provider-groupe-scolaire-don-bosco\"><div class=\"wp-block-embed__wrapper\">\n<blockquote class=\"wp-embedded-content\" data-secret=\"Faz6a1Ybtu\"><a href=\"https:\/\/www.gsdb.fr\/index.php\/evenements-2018\/marche-de-noel-2018\/\">March\u00e9 de No\u00ebl 2018<\/a><\/blockquote><iframe class=\"wp-embedded-content\" sandbox=\"allow-scripts\" security=\"restricted\" style=\"position: absolute; clip: rect(1px, 1px, 1px, 1px);\" title=\"\u00ab\u00a0March\u00e9 de No\u00ebl 2018\u00a0\u00bb &#8212; Groupe Scolaire Don Bosco\" src=\"https:\/\/www.gsdb.fr\/index.php\/evenements-2018\/marche-de-noel-2018\/embed\/#?secret=Faz6a1Ybtu\" data-secret=\"Faz6a1Ybtu\" width=\"600\" height=\"338\" frameborder=\"0\" marginwidth=\"0\" marginheight=\"0\" scrolling=\"no\"><\/iframe>\n<\/div><\/figure>\n","protected":false},"excerpt":{"rendered":"","protected":false},"author":6,"featured_media":0,"parent":0,"menu_order":0,"comment_status":"closed","ping_status":"closed","template":"","meta":[],"yoast_head":"<!-- This site is optimized with the Yoast SEO plugin v20.5 - https:\/\/yoast.com\/wordpress\/plugins\/seo\/ -->\n<title>2018-2019 - Groupe scolaire Don Bosco \u00e0 Compi\u00e8gne : GSDB.Fr<\/title>\n<meta name=\"description\" content=\"Le Groupe Scolaire Don Bosco de Compi\u00e8gne, \u00e9tablissement Hors Contrat, a pour devise Joie, Confiance et Pers\u00e9v\u00e9rance\" \/>\n<meta name=\"robots\" content=\"index, follow, max-snippet:-1, max-image-preview:large, max-video-preview:-1\" \/>\n<link rel=\"canonical\" href=\"https:\/\/www.gsdb.fr\/index.php\/2018-2019\/\" \/>\n<meta property=\"og:locale\" content=\"fr_FR\" \/>\n<meta property=\"og:type\" content=\"article\" \/>\n<meta property=\"og:title\" content=\"2018-2019 - Groupe scolaire Don Bosco \u00e0 Compi\u00e8gne : GSDB.Fr\" \/>\n<meta property=\"og:description\" content=\"Le Groupe Scolaire Don Bosco de Compi\u00e8gne, \u00e9tablissement Hors Contrat, a pour devise Joie, Confiance et Pers\u00e9v\u00e9rance\" \/>\n<meta property=\"og:url\" content=\"https:\/\/www.gsdb.fr\/index.php\/2018-2019\/\" \/>\n<meta property=\"og:site_name\" content=\"Groupe scolaire Don Bosco \u00e0 Compi\u00e8gne : GSDB.Fr\" \/>\n<meta name=\"twitter:card\" content=\"summary_large_image\" \/>\n<script type=\"application\/ld+json\" class=\"yoast-schema-graph\">{\"@context\":\"https:\/\/schema.org\",\"@graph\":[{\"@type\":\"WebPage\",\"@id\":\"https:\/\/www.gsdb.fr\/index.php\/2018-2019\/\",\"url\":\"https:\/\/www.gsdb.fr\/index.php\/2018-2019\/\",\"name\":\"2018-2019 - Groupe scolaire Don Bosco \u00e0 Compi\u00e8gne : GSDB.Fr\",\"isPartOf\":{\"@id\":\"https:\/\/www.gsdb.fr\/#website\"},\"datePublished\":\"2021-09-09T15:44:31+00:00\",\"dateModified\":\"2021-09-09T15:44:31+00:00\",\"description\":\"Le Groupe Scolaire Don Bosco de Compi\u00e8gne, \u00e9tablissement Hors Contrat, a pour devise Joie, Confiance et Pers\u00e9v\u00e9rance\",\"breadcrumb\":{\"@id\":\"https:\/\/www.gsdb.fr\/index.php\/2018-2019\/#breadcrumb\"},\"inLanguage\":\"fr-FR\",\"potentialAction\":[{\"@type\":\"ReadAction\",\"target\":[\"https:\/\/www.gsdb.fr\/index.php\/2018-2019\/\"]}]},{\"@type\":\"BreadcrumbList\",\"@id\":\"https:\/\/www.gsdb.fr\/index.php\/2018-2019\/#breadcrumb\",\"itemListElement\":[{\"@type\":\"ListItem\",\"position\":1,\"name\":\"Accueil\",\"item\":\"https:\/\/www.gsdb.fr\/\"},{\"@type\":\"ListItem\",\"position\":2,\"name\":\"2018-2019\"}]},{\"@type\":\"WebSite\",\"@id\":\"https:\/\/www.gsdb.fr\/#website\",\"url\":\"https:\/\/www.gsdb.fr\/\",\"name\":\"Groupe scolaire Don Bosco \u00e0 Compi\u00e8gne : GSDB.Fr\",\"description\":\"Confiance, Joie, Pers\u00e9v\u00e9rance !\",\"publisher\":{\"@id\":\"https:\/\/www.gsdb.fr\/#organization\"},\"potentialAction\":[{\"@type\":\"SearchAction\",\"target\":{\"@type\":\"EntryPoint\",\"urlTemplate\":\"https:\/\/www.gsdb.fr\/?s={search_term_string}\"},\"query-input\":\"required name=search_term_string\"}],\"inLanguage\":\"fr-FR\"},{\"@type\":\"Organization\",\"@id\":\"https:\/\/www.gsdb.fr\/#organization\",\"name\":\"Groupe Scolaire Don Bosco\",\"url\":\"https:\/\/www.gsdb.fr\/\",\"logo\":{\"@type\":\"ImageObject\",\"inLanguage\":\"fr-FR\",\"@id\":\"https:\/\/www.gsdb.fr\/#\/schema\/logo\/image\/\",\"url\":\"https:\/\/www.gsdb.fr\/wp-content\/uploads\/2018\/12\/cropped-blason-new-ss-bando-Q-3.png\",\"contentUrl\":\"https:\/\/www.gsdb.fr\/wp-content\/uploads\/2018\/12\/cropped-blason-new-ss-bando-Q-3.png\",\"width\":886,\"height\":948,\"caption\":\"Groupe Scolaire Don Bosco\"},\"image\":{\"@id\":\"https:\/\/www.gsdb.fr\/#\/schema\/logo\/image\/\"}}]}<\/script>\n<!-- \/ Yoast SEO plugin. -->","yoast_head_json":{"title":"2018-2019 - Groupe scolaire Don Bosco \u00e0 Compi\u00e8gne : GSDB.Fr","description":"Le Groupe Scolaire Don Bosco de Compi\u00e8gne, \u00e9tablissement Hors Contrat, a pour devise Joie, Confiance et Pers\u00e9v\u00e9rance","robots":{"index":"index","follow":"follow","max-snippet":"max-snippet:-1","max-image-preview":"max-image-preview:large","max-video-preview":"max-video-preview:-1"},"canonical":"https:\/\/www.gsdb.fr\/index.php\/2018-2019\/","og_locale":"fr_FR","og_type":"article","og_title":"2018-2019 - Groupe scolaire Don Bosco \u00e0 Compi\u00e8gne : GSDB.Fr","og_description":"Le Groupe Scolaire Don Bosco de Compi\u00e8gne, \u00e9tablissement Hors Contrat, a pour devise Joie, Confiance et Pers\u00e9v\u00e9rance","og_url":"https:\/\/www.gsdb.fr\/index.php\/2018-2019\/","og_site_name":"Groupe scolaire Don Bosco \u00e0 Compi\u00e8gne : GSDB.Fr","twitter_card":"summary_large_image","schema":{"@context":"https:\/\/schema.org","@graph":[{"@type":"WebPage","@id":"https:\/\/www.gsdb.fr\/index.php\/2018-2019\/","url":"https:\/\/www.gsdb.fr\/index.php\/2018-2019\/","name":"2018-2019 - Groupe scolaire Don Bosco \u00e0 Compi\u00e8gne : GSDB.Fr","isPartOf":{"@id":"https:\/\/www.gsdb.fr\/#website"},"datePublished":"2021-09-09T15:44:31+00:00","dateModified":"2021-09-09T15:44:31+00:00","description":"Le Groupe Scolaire Don Bosco de Compi\u00e8gne, \u00e9tablissement Hors Contrat, a pour devise Joie, Confiance et Pers\u00e9v\u00e9rance","breadcrumb":{"@id":"https:\/\/www.gsdb.fr\/index.php\/2018-2019\/#breadcrumb"},"inLanguage":"fr-FR","potentialAction":[{"@type":"ReadAction","target":["https:\/\/www.gsdb.fr\/index.php\/2018-2019\/"]}]},{"@type":"BreadcrumbList","@id":"https:\/\/www.gsdb.fr\/index.php\/2018-2019\/#breadcrumb","itemListElement":[{"@type":"ListItem","position":1,"name":"Accueil","item":"https:\/\/www.gsdb.fr\/"},{"@type":"ListItem","position":2,"name":"2018-2019"}]},{"@type":"WebSite","@id":"https:\/\/www.gsdb.fr\/#website","url":"https:\/\/www.gsdb.fr\/","name":"Groupe scolaire Don Bosco \u00e0 Compi\u00e8gne : GSDB.Fr","description":"Confiance, Joie, Pers\u00e9v\u00e9rance !","publisher":{"@id":"https:\/\/www.gsdb.fr\/#organization"},"potentialAction":[{"@type":"SearchAction","target":{"@type":"EntryPoint","urlTemplate":"https:\/\/www.gsdb.fr\/?s={search_term_string}"},"query-input":"required name=search_term_string"}],"inLanguage":"fr-FR"},{"@type":"Organization","@id":"https:\/\/www.gsdb.fr\/#organization","name":"Groupe Scolaire Don Bosco","url":"https:\/\/www.gsdb.fr\/","logo":{"@type":"ImageObject","inLanguage":"fr-FR","@id":"https:\/\/www.gsdb.fr\/#\/schema\/logo\/image\/","url":"https:\/\/www.gsdb.fr\/wp-content\/uploads\/2018\/12\/cropped-blason-new-ss-bando-Q-3.png","contentUrl":"https:\/\/www.gsdb.fr\/wp-content\/uploads\/2018\/12\/cropped-blason-new-ss-bando-Q-3.png","width":886,"height":948,"caption":"Groupe Scolaire Don Bosco"},"image":{"@id":"https:\/\/www.gsdb.fr\/#\/schema\/logo\/image\/"}}]}},"_links":{"self":[{"href":"https:\/\/www.gsdb.fr\/index.php\/wp-json\/wp\/v2\/pages\/2064"}],"collection":[{"href":"https:\/\/www.gsdb.fr\/index.php\/wp-json\/wp\/v2\/pages"}],"about":[{"href":"https:\/\/www.gsdb.fr\/index.php\/wp-json\/wp\/v2\/types\/page"}],"author":[{"embeddable":true,"href":"https:\/\/www.gsdb.fr\/index.php\/wp-json\/wp\/v2\/users\/6"}],"replies":[{"embeddable":true,"href":"https:\/\/www.gsdb.fr\/index.php\/wp-json\/wp\/v2\/comments?post=2064"}],"version-history":[{"count":1,"href":"https:\/\/www.gsdb.fr\/index.php\/wp-json\/wp\/v2\/pages\/2064\/revisions"}],"predecessor-version":[{"id":2066,"href":"https:\/\/www.gsdb.fr\/index.php\/wp-json\/wp\/v2\/pages\/2064\/revisions\/2066"}],"wp:attachment":[{"href":"https:\/\/www.gsdb.fr\/index.php\/wp-json\/wp\/v2\/media?parent=2064"}],"curies":[{"name":"wp","href":"https:\/\/api.w.org\/{rel}","templated":true}]}}