{"id":2114,"date":"2021-10-16T18:50:29","date_gmt":"2021-10-16T16:50:29","guid":{"rendered":"https:\/\/www.gsdb.fr\/?page_id=2114"},"modified":"2021-10-16T20:23:58","modified_gmt":"2021-10-16T18:23:58","slug":"vente-villa-delba","status":"publish","type":"page","link":"https:\/\/www.gsdb.fr\/index.php\/vente-villa-delba\/","title":{"rendered":"Vente VILLA D&rsquo;ELBA"},"content":{"rendered":"\n<p class=\"has-medium-font-size\">Chers parents, chers amis,<\/p>\n\n\n\n<p class=\"has-medium-font-size\"><br>Nous vous proposons une vente VILLA D&rsquo;ELBA en vue du march\u00e9 de No\u00ebl et pour tous vos cadeaux : naissance, bapt\u00eames, premi\u00e8re communion\u2026<\/p>\n\n\n\n<p class=\"has-medium-font-size\"><br>VILLA D&rsquo;ELBA nous propose un achat group\u00e9 via l&rsquo;\u00e9cole, avec une r\u00e9trocession de montant des achats.<br>Il n&rsquo;y aura pas de frais de port, vos commandes seront disponibles \u00e0 l&rsquo;\u00e9cole fin novembre, la date vous sera pr\u00e9cis\u00e9e ult\u00e9rieurement (\u00e0 noter n\u00e9anmoins qu&rsquo;une participation aux frais de livraison sera demand\u00e9e uniquement pour les grandes pi\u00e8ces dites \u00ab\u00a0Ext\u00e9rieures\u00a0\u00bb).<\/p>\n\n\n\n<p class=\"has-medium-font-size\"><br>Pour cela il faut vous rendre sur le site Villa De<span class=\"has-inline-color has-black-color\">lb<\/span>a : <a href=\"https:\/\/villa-delba.eu\/\" target=\"_blank\" rel=\"noreferrer noopener\"><strong><span class=\"has-inline-color has-pale-cyan-blue-color\">https:\/\/villa-delba.eu<\/span><\/strong><\/a><\/p>\n\n\n\n<p class=\"has-text-align-left has-vivid-cyan-blue-color has-text-color has-medium-font-size\"><span class=\"has-inline-color has-black-color\">Faites votre s\u00e9lection, puis remplissez le<\/span><span class=\"has-inline-color has-pale-cyan-blue-color\"><strong> <a href=\"https:\/\/www.gsdb.fr\/wp-content\/uploads\/2021\/10\/Bon-de-commande-Villa-Delba.pdf\" target=\"_blank\" rel=\"noreferrer noopener\">bon de commande<\/a> <\/strong><\/span><span class=\"has-inline-color has-black-color\">(bien mentionner la r\u00e9f\u00e9rence de l&rsquo;article indiqu\u00e9e dans \u00ab\u00a0D\u00e9tails du produit\u00a0\u00bb).<\/span><\/p>\n\n\n\n<p class=\"has-medium-font-size\"><br><span class=\"has-inline-color has-pale-pink-color\">Merci de rapporter votre bon de commande, accompagn\u00e9 du ch\u00e8que correspondant, au secr\u00e9tariat de l&rsquo;\u00e9cole dans une enveloppe avec la mention \u00ab\u00a0VILLA D&rsquo;ELBA\u00a0\u00bb, <strong>au plus tard le 10 novembre 2021<\/strong>.<\/span><\/p>\n\n\n\n<p class=\"has-medium-font-size\"><br>Hop Hop Hop, on y va pour VILLA D&rsquo;ELBA\u2026 on le propose autour de soi !<\/p>\n\n\n\n<p class=\"has-medium-font-size\">Vous voulez mieux conna\u00eetre Villa d&rsquo;Elba ?<strong><span class=\"has-inline-color has-pale-cyan-blue-color\"> <a href=\"https:\/\/fr.aleteia.org\/2021\/03\/17\/villa-delba-des-statues-pour-selever-vers-dieu\/\" target=\"_blank\" rel=\"noreferrer noopener\">C&rsquo;est par ici<\/a> <\/span><\/strong><\/p>\n\n\n\n<p class=\"has-medium-font-size\"><br>Avec nos vifs remerciements !<br>La team March\u00e9 de No\u00ebl<\/p>\n","protected":false},"excerpt":{"rendered":"<p>Chers parents, chers amis, Nous vous proposons une vente VILLA D&rsquo;ELBA en vue du march\u00e9 de No\u00ebl et pour tous vos cadeaux : naissance, bapt\u00eames, premi\u00e8re communion\u2026 VILLA D&rsquo;ELBA nous<\/p>\n","protected":false},"author":6,"featured_media":0,"parent":0,"menu_order":0,"comment_status":"closed","ping_status":"closed","template":"","meta":[],"yoast_head":"<!-- This site is optimized with the Yoast SEO plugin v20.5 - https:\/\/yoast.com\/wordpress\/plugins\/seo\/ -->\n<title>Vente VILLA D&#039;ELBA - Groupe scolaire Don Bosco \u00e0 Compi\u00e8gne : GSDB.Fr<\/title>\n<meta name=\"description\" content=\"VIlla d&#039;elba\" \/>\n<meta name=\"robots\" content=\"index, follow, max-snippet:-1, max-image-preview:large, max-video-preview:-1\" \/>\n<link rel=\"canonical\" href=\"https:\/\/www.gsdb.fr\/index.php\/vente-villa-delba\/\" \/>\n<meta property=\"og:locale\" content=\"fr_FR\" \/>\n<meta property=\"og:type\" content=\"article\" \/>\n<meta property=\"og:title\" content=\"Vente VILLA D&#039;ELBA - Groupe scolaire Don Bosco \u00e0 Compi\u00e8gne : GSDB.Fr\" \/>\n<meta property=\"og:description\" content=\"VIlla d&#039;elba\" \/>\n<meta property=\"og:url\" content=\"https:\/\/www.gsdb.fr\/index.php\/vente-villa-delba\/\" \/>\n<meta property=\"og:site_name\" content=\"Groupe scolaire Don Bosco \u00e0 Compi\u00e8gne : GSDB.Fr\" \/>\n<meta property=\"article:modified_time\" content=\"2021-10-16T18:23:58+00:00\" \/>\n<meta name=\"twitter:card\" content=\"summary_large_image\" \/>\n<meta name=\"twitter:label1\" content=\"Dur\u00e9e de lecture estim\u00e9e\" \/>\n\t<meta name=\"twitter:data1\" content=\"1 minute\" \/>\n<script type=\"application\/ld+json\" class=\"yoast-schema-graph\">{\"@context\":\"https:\/\/schema.org\",\"@graph\":[{\"@type\":[\"WebPage\",\"CheckoutPage\"],\"@id\":\"https:\/\/www.gsdb.fr\/index.php\/vente-villa-delba\/\",\"url\":\"https:\/\/www.gsdb.fr\/index.php\/vente-villa-delba\/\",\"name\":\"Vente VILLA D'ELBA - Groupe scolaire Don Bosco \u00e0 Compi\u00e8gne : GSDB.Fr\",\"isPartOf\":{\"@id\":\"https:\/\/www.gsdb.fr\/#website\"},\"datePublished\":\"2021-10-16T16:50:29+00:00\",\"dateModified\":\"2021-10-16T18:23:58+00:00\",\"description\":\"VIlla d'elba\",\"breadcrumb\":{\"@id\":\"https:\/\/www.gsdb.fr\/index.php\/vente-villa-delba\/#breadcrumb\"},\"inLanguage\":\"fr-FR\",\"potentialAction\":[{\"@type\":\"ReadAction\",\"target\":[\"https:\/\/www.gsdb.fr\/index.php\/vente-villa-delba\/\"]}]},{\"@type\":\"BreadcrumbList\",\"@id\":\"https:\/\/www.gsdb.fr\/index.php\/vente-villa-delba\/#breadcrumb\",\"itemListElement\":[{\"@type\":\"ListItem\",\"position\":1,\"name\":\"Accueil\",\"item\":\"https:\/\/www.gsdb.fr\/\"},{\"@type\":\"ListItem\",\"position\":2,\"name\":\"Vente VILLA D&#8217;ELBA\"}]},{\"@type\":\"WebSite\",\"@id\":\"https:\/\/www.gsdb.fr\/#website\",\"url\":\"https:\/\/www.gsdb.fr\/\",\"name\":\"Groupe scolaire Don Bosco \u00e0 Compi\u00e8gne : GSDB.Fr\",\"description\":\"Confiance, Joie, Pers\u00e9v\u00e9rance !\",\"publisher\":{\"@id\":\"https:\/\/www.gsdb.fr\/#organization\"},\"potentialAction\":[{\"@type\":\"SearchAction\",\"target\":{\"@type\":\"EntryPoint\",\"urlTemplate\":\"https:\/\/www.gsdb.fr\/?s={search_term_string}\"},\"query-input\":\"required name=search_term_string\"}],\"inLanguage\":\"fr-FR\"},{\"@type\":\"Organization\",\"@id\":\"https:\/\/www.gsdb.fr\/#organization\",\"name\":\"Groupe Scolaire Don Bosco\",\"url\":\"https:\/\/www.gsdb.fr\/\",\"logo\":{\"@type\":\"ImageObject\",\"inLanguage\":\"fr-FR\",\"@id\":\"https:\/\/www.gsdb.fr\/#\/schema\/logo\/image\/\",\"url\":\"https:\/\/www.gsdb.fr\/wp-content\/uploads\/2018\/12\/cropped-blason-new-ss-bando-Q-3.png\",\"contentUrl\":\"https:\/\/www.gsdb.fr\/wp-content\/uploads\/2018\/12\/cropped-blason-new-ss-bando-Q-3.png\",\"width\":886,\"height\":948,\"caption\":\"Groupe Scolaire Don Bosco\"},\"image\":{\"@id\":\"https:\/\/www.gsdb.fr\/#\/schema\/logo\/image\/\"}}]}<\/script>\n<!-- \/ Yoast SEO plugin. -->","yoast_head_json":{"title":"Vente VILLA D'ELBA - Groupe scolaire Don Bosco \u00e0 Compi\u00e8gne : GSDB.Fr","description":"VIlla d'elba","robots":{"index":"index","follow":"follow","max-snippet":"max-snippet:-1","max-image-preview":"max-image-preview:large","max-video-preview":"max-video-preview:-1"},"canonical":"https:\/\/www.gsdb.fr\/index.php\/vente-villa-delba\/","og_locale":"fr_FR","og_type":"article","og_title":"Vente VILLA D'ELBA - Groupe scolaire Don Bosco \u00e0 Compi\u00e8gne : GSDB.Fr","og_description":"VIlla d'elba","og_url":"https:\/\/www.gsdb.fr\/index.php\/vente-villa-delba\/","og_site_name":"Groupe scolaire Don Bosco \u00e0 Compi\u00e8gne : GSDB.Fr","article_modified_time":"2021-10-16T18:23:58+00:00","twitter_card":"summary_large_image","twitter_misc":{"Dur\u00e9e de lecture estim\u00e9e":"1 minute"},"schema":{"@context":"https:\/\/schema.org","@graph":[{"@type":["WebPage","CheckoutPage"],"@id":"https:\/\/www.gsdb.fr\/index.php\/vente-villa-delba\/","url":"https:\/\/www.gsdb.fr\/index.php\/vente-villa-delba\/","name":"Vente VILLA D'ELBA - Groupe scolaire Don Bosco \u00e0 Compi\u00e8gne : GSDB.Fr","isPartOf":{"@id":"https:\/\/www.gsdb.fr\/#website"},"datePublished":"2021-10-16T16:50:29+00:00","dateModified":"2021-10-16T18:23:58+00:00","description":"VIlla d'elba","breadcrumb":{"@id":"https:\/\/www.gsdb.fr\/index.php\/vente-villa-delba\/#breadcrumb"},"inLanguage":"fr-FR","potentialAction":[{"@type":"ReadAction","target":["https:\/\/www.gsdb.fr\/index.php\/vente-villa-delba\/"]}]},{"@type":"BreadcrumbList","@id":"https:\/\/www.gsdb.fr\/index.php\/vente-villa-delba\/#breadcrumb","itemListElement":[{"@type":"ListItem","position":1,"name":"Accueil","item":"https:\/\/www.gsdb.fr\/"},{"@type":"ListItem","position":2,"name":"Vente VILLA D&#8217;ELBA"}]},{"@type":"WebSite","@id":"https:\/\/www.gsdb.fr\/#website","url":"https:\/\/www.gsdb.fr\/","name":"Groupe scolaire Don Bosco \u00e0 Compi\u00e8gne : GSDB.Fr","description":"Confiance, Joie, Pers\u00e9v\u00e9rance !","publisher":{"@id":"https:\/\/www.gsdb.fr\/#organization"},"potentialAction":[{"@type":"SearchAction","target":{"@type":"EntryPoint","urlTemplate":"https:\/\/www.gsdb.fr\/?s={search_term_string}"},"query-input":"required name=search_term_string"}],"inLanguage":"fr-FR"},{"@type":"Organization","@id":"https:\/\/www.gsdb.fr\/#organization","name":"Groupe Scolaire Don Bosco","url":"https:\/\/www.gsdb.fr\/","logo":{"@type":"ImageObject","inLanguage":"fr-FR","@id":"https:\/\/www.gsdb.fr\/#\/schema\/logo\/image\/","url":"https:\/\/www.gsdb.fr\/wp-content\/uploads\/2018\/12\/cropped-blason-new-ss-bando-Q-3.png","contentUrl":"https:\/\/www.gsdb.fr\/wp-content\/uploads\/2018\/12\/cropped-blason-new-ss-bando-Q-3.png","width":886,"height":948,"caption":"Groupe Scolaire Don Bosco"},"image":{"@id":"https:\/\/www.gsdb.fr\/#\/schema\/logo\/image\/"}}]}},"_links":{"self":[{"href":"https:\/\/www.gsdb.fr\/index.php\/wp-json\/wp\/v2\/pages\/2114"}],"collection":[{"href":"https:\/\/www.gsdb.fr\/index.php\/wp-json\/wp\/v2\/pages"}],"about":[{"href":"https:\/\/www.gsdb.fr\/index.php\/wp-json\/wp\/v2\/types\/page"}],"author":[{"embeddable":true,"href":"https:\/\/www.gsdb.fr\/index.php\/wp-json\/wp\/v2\/users\/6"}],"replies":[{"embeddable":true,"href":"https:\/\/www.gsdb.fr\/index.php\/wp-json\/wp\/v2\/comments?post=2114"}],"version-history":[{"count":10,"href":"https:\/\/www.gsdb.fr\/index.php\/wp-json\/wp\/v2\/pages\/2114\/revisions"}],"predecessor-version":[{"id":2131,"href":"https:\/\/www.gsdb.fr\/index.php\/wp-json\/wp\/v2\/pages\/2114\/revisions\/2131"}],"wp:attachment":[{"href":"https:\/\/www.gsdb.fr\/index.php\/wp-json\/wp\/v2\/media?parent=2114"}],"curies":[{"name":"wp","href":"https:\/\/api.w.org\/{rel}","templated":true}]}}