{"id":44,"date":"2016-11-15T12:04:56","date_gmt":"2016-11-15T11:04:56","guid":{"rendered":"http:\/\/gsdb.bonnancy.net\/wordpress\/?page_id=44"},"modified":"2025-11-07T22:10:56","modified_gmt":"2025-11-07T21:10:56","slug":"le-college","status":"publish","type":"page","link":"https:\/\/www.gsdb.fr\/index.php\/le-college\/","title":{"rendered":"Confiance, Joie, Pers\u00e9v\u00e9rance !"},"content":{"rendered":"\n<p class=\"has-text-align-center\">Pourquoi pas une \u00e9cole et un coll\u00e8ge catholiques pour Compi\u00e8gne ?<\/p>\n\n\n<p style=\"text-align: justify;\">Le coll\u00e8ge Don Bosco ouvrit ses portes \u00e0 Compi\u00e8gne en 2014 gr\u00e2ce \u00e0 l\u2019impulsion de familles qui avaient diagnostiqu\u00e9 la difficult\u00e9, pour l\u2019\u00c9cole priv\u00e9e catholique sous contrat, d\u2019assurer sa mission d\u2019enseignement tout comme le caract\u00e8re propre \u00e0 sa Foi, et l\u2019impossibilit\u00e9 de se r\u00e9former. (<span style=\"font-size: revert;\">Les \u00e9v\u00e9nements tristes des derni\u00e8res ann\u00e9es, \u00e0 Paris, \u00e0 Pau, \u00e0 Compi\u00e8gne et ailleurs, confortent notre analyse.)<\/span><\/p>\n<p>Les <em>motu proprio<\/em> des papes Jean-Paul II et Beno\u00eet XVI incit\u00e8rent \u00e0 pr\u00e9voir, pour la vie spirituelle du nouveau coll\u00e8ge, l\u2019apprentissage et l\u2019usage du rite ancien de l\u2019\u00c9glise, tout en sollicitant longuement la paternelle bienveillance de notre \u00e9v\u00eaque, et d\u00e9veloppant les \u00e9changes au sein des paroisses de Compi\u00e8gne.<\/p>\n<p style=\"text-align: justify;\">Apr\u00e8s une premi\u00e8re classe pionni\u00e8re de 6e, les rentr\u00e9es suivantes virent l\u2019ouverture des autres classes du coll\u00e8ge et de l\u2019\u00e9cole primaire puis maternelle (d\u2019o\u00f9 l\u2019appellation de \u00ab groupe scolaire \u00bb pour notre \u00e9tablissement), sur la demande des familles d\u00e9j\u00e0 pr\u00e9sentes.<\/p>\n<p style=\"text-align: justify;\">L\u2019ind\u00e9pendance de notre \u00e9tablissement (qui n\u2019a pas pass\u00e9 de contrat financier avec l\u2019\u00c9tat et est parrain\u00e9 par l\u2019\u00e9tablissement catholique Saint-Dominique au Pecq, cr\u00e9\u00e9 il y a plus de 30 ans et b\u00e9n\u00e9ficiant de l\u2019aum\u00f4nerie de l\u2019Institut du Christ-roi), nous permet de choisir librement les enseignants, la p\u00e9dagogie, et le type d\u2019enseignement, que nous dispensons.<\/p>\n<p>L\u2019\u00e9tablissement est cependant bien s\u00fbr encadr\u00e9 par la loi et le code de l\u2019\u00e9ducation ; il suit les niveaux des classes, cycles et comp\u00e9tences de l\u2019\u00c9ducation nationale, et fait passer les examens d\u2019\u00c9tat, avec de tr\u00e8s bons r\u00e9sultats. Il est r\u00e9guli\u00e8rement inspect\u00e9 par l\u2019Acad\u00e9mie et le Rectorat : Il a d\u00e9j\u00e0 \u00e9t\u00e9 l\u2019objet de plusieurs rapports favorables, avec bien entendu quelques observations d\u2019am\u00e9lioration (CDI, cour). Les proviseurs des lyc\u00e9es alentour connaissent et appr\u00e9cient le bon niveau de vos enfants issus du groupe scolaire Don Bosco.<\/p>\n<p style=\"text-align: justify;\">La contrepartie de cette libert\u00e9 pour notre \u00e9cole au b\u00e9n\u00e9fice de vos enfants, r\u00e9side dans le fait que nous ne b\u00e9n\u00e9ficions d\u2019aucune aide de l\u2019\u00c9tat, ni de locaux gratuits pr\u00eat\u00e9s par l\u2019\u00e9v\u00eaque ni r\u00e9nov\u00e9s par la Ville, mais que nous d\u00e9pendons n\u00e9cessairement en partie de dons et de b\u00e9n\u00e9volat, pour compl\u00e9ter le paiement des scolarit\u00e9s (qui sont mod\u00e9r\u00e9es pour des familles modestes, et qui financent \u00e0 peine les salaires des enseignants).<\/p>\n<p style=\"text-align: justify;\">Ces dons n\u00e9cessaires de la part de ceux qui le peuvent, doivent permettre de ne pas r\u00e9server notre \u00e9tablissement \u00e0 une \u00e9lite ais\u00e9e ou mondaine, ce qui serait le contraire de sa vocation catholique et de l\u2019\u00c9vangile. Notre d\u00e9pendance financi\u00e8re \u2014 et m\u00eame \u00ab\u00a0pauvret\u00e9\u00a0\u00bb \u2014 renforce notre humilit\u00e9.<\/p>\n<p style=\"text-align: justify;\">Inspir\u00e9es de la p\u00e9dagogie de Don Bosco, voici nos sp\u00e9cificit\u00e9s :<\/p>\n<ul style=\"text-align: justify;\">\n<li>Petits effectifs par classe, et enseignants proches des \u00e9l\u00e8ves, soucieux de d\u00e9velopper en eux qualit\u00e9s humaines et spirituelles.<\/li>\n<li>Enseignement classique traditionnel, conforme aux programmes acad\u00e9miques, afin de transmettre un savoir (\u00ab connaissances et comp\u00e9tences \u00bb) par des m\u00e9thodes \u00e9ducatives ayant fait leurs preuves.<\/li>\n<li>Enseignement des langues : anglais en CM 1, latin en 6e, espagnol en 5e.<\/li>\n<li>D\u00e9veloppement de l\u2019esprit d\u2019analyse et de synth\u00e8se, et de l\u2019autonomie et la responsabilit\u00e9.<\/li>\n<li>La foi catholique au c\u0153ur, avec pri\u00e8re en d\u00e9but de journ\u00e9e, cat\u00e9chisme hebdomadaire, pratique de la si importante vertu de Charit\u00e9.<\/li>\n<li>Des enseignants acteurs subsidiaires des parents dans l\u2019\u00e9ducation au Beau, au Vrai et au Bien.<\/li>\n<\/ul>\n<p style=\"text-align: justify;\">Il suffit de contempler l&rsquo;\u00e9panouissement des enfants et la joie des professeurs \u00e0 leur enseigner, pour se convaincre du bien-fond\u00e9 de l\u2019\u0152uvre scolaire Don Bosco.<\/p>\n<p style=\"text-align: justify;\"><a href=\"https:\/\/www.gsdb.fr\/\" target=\"_blank\" rel=\"noopener\"><u>(Voyez le film de pr\u00e9sentation en page d\u2019accueil.)<\/u><\/a><\/p>\n<h3 class=\"gmail_msg\">\u00a0<\/h3>\n<div style=\"text-align: left;\">\u00a0<\/div>","protected":false},"excerpt":{"rendered":"<p>Pourquoi pas une \u00e9cole et un coll\u00e8ge catholiques pour Compi\u00e8gne ? Le coll\u00e8ge Don Bosco ouvrit ses portes \u00e0 Compi\u00e8gne en 2014 gr\u00e2ce \u00e0 l\u2019impulsion de familles qui avaient diagnostiqu\u00e9<\/p>\n","protected":false},"author":2,"featured_media":0,"parent":0,"menu_order":0,"comment_status":"closed","ping_status":"closed","template":"","meta":[],"yoast_head":"<!-- This site is optimized with the Yoast SEO plugin v20.5 - https:\/\/yoast.com\/wordpress\/plugins\/seo\/ -->\n<title>Confiance, Joie, Pers\u00e9v\u00e9rance ! - Groupe scolaire Don Bosco \u00e0 Compi\u00e8gne : GSDB.Fr<\/title>\n<meta name=\"description\" content=\"Le Groupe Scolaire Don Bosco de Compi\u00e8gne, \u00e9tablissement Hors Contrat, a pour devise Joie, Confiance et Pers\u00e9v\u00e9rance\" \/>\n<meta name=\"robots\" content=\"index, follow, max-snippet:-1, max-image-preview:large, max-video-preview:-1\" \/>\n<link rel=\"canonical\" href=\"https:\/\/www.gsdb.fr\/index.php\/le-college\/\" \/>\n<meta property=\"og:locale\" content=\"fr_FR\" \/>\n<meta property=\"og:type\" content=\"article\" \/>\n<meta property=\"og:title\" content=\"Confiance, Joie, Pers\u00e9v\u00e9rance ! - Groupe scolaire Don Bosco \u00e0 Compi\u00e8gne : GSDB.Fr\" \/>\n<meta property=\"og:description\" content=\"Le Groupe Scolaire Don Bosco de Compi\u00e8gne, \u00e9tablissement Hors Contrat, a pour devise Joie, Confiance et Pers\u00e9v\u00e9rance\" \/>\n<meta property=\"og:url\" content=\"https:\/\/www.gsdb.fr\/index.php\/le-college\/\" \/>\n<meta property=\"og:site_name\" content=\"Groupe scolaire Don Bosco \u00e0 Compi\u00e8gne : GSDB.Fr\" \/>\n<meta property=\"article:modified_time\" content=\"2025-11-07T21:10:56+00:00\" \/>\n<meta name=\"twitter:card\" content=\"summary_large_image\" \/>\n<meta name=\"twitter:label1\" content=\"Dur\u00e9e de lecture estim\u00e9e\" \/>\n\t<meta name=\"twitter:data1\" content=\"3 minutes\" \/>\n<script type=\"application\/ld+json\" class=\"yoast-schema-graph\">{\"@context\":\"https:\/\/schema.org\",\"@graph\":[{\"@type\":\"WebPage\",\"@id\":\"https:\/\/www.gsdb.fr\/index.php\/le-college\/\",\"url\":\"https:\/\/www.gsdb.fr\/index.php\/le-college\/\",\"name\":\"Confiance, Joie, Pers\u00e9v\u00e9rance ! - Groupe scolaire Don Bosco \u00e0 Compi\u00e8gne : GSDB.Fr\",\"isPartOf\":{\"@id\":\"https:\/\/www.gsdb.fr\/#website\"},\"datePublished\":\"2016-11-15T11:04:56+00:00\",\"dateModified\":\"2025-11-07T21:10:56+00:00\",\"description\":\"Le Groupe Scolaire Don Bosco de Compi\u00e8gne, \u00e9tablissement Hors Contrat, a pour devise Joie, Confiance et Pers\u00e9v\u00e9rance\",\"breadcrumb\":{\"@id\":\"https:\/\/www.gsdb.fr\/index.php\/le-college\/#breadcrumb\"},\"inLanguage\":\"fr-FR\",\"potentialAction\":[{\"@type\":\"ReadAction\",\"target\":[\"https:\/\/www.gsdb.fr\/index.php\/le-college\/\"]}]},{\"@type\":\"BreadcrumbList\",\"@id\":\"https:\/\/www.gsdb.fr\/index.php\/le-college\/#breadcrumb\",\"itemListElement\":[{\"@type\":\"ListItem\",\"position\":1,\"name\":\"Accueil\",\"item\":\"https:\/\/www.gsdb.fr\/\"},{\"@type\":\"ListItem\",\"position\":2,\"name\":\"Confiance, Joie, Pers\u00e9v\u00e9rance !\"}]},{\"@type\":\"WebSite\",\"@id\":\"https:\/\/www.gsdb.fr\/#website\",\"url\":\"https:\/\/www.gsdb.fr\/\",\"name\":\"Groupe scolaire Don Bosco \u00e0 Compi\u00e8gne : GSDB.Fr\",\"description\":\"Confiance, Joie, Pers\u00e9v\u00e9rance !\",\"publisher\":{\"@id\":\"https:\/\/www.gsdb.fr\/#organization\"},\"potentialAction\":[{\"@type\":\"SearchAction\",\"target\":{\"@type\":\"EntryPoint\",\"urlTemplate\":\"https:\/\/www.gsdb.fr\/?s={search_term_string}\"},\"query-input\":\"required name=search_term_string\"}],\"inLanguage\":\"fr-FR\"},{\"@type\":\"Organization\",\"@id\":\"https:\/\/www.gsdb.fr\/#organization\",\"name\":\"Groupe Scolaire Don Bosco\",\"url\":\"https:\/\/www.gsdb.fr\/\",\"logo\":{\"@type\":\"ImageObject\",\"inLanguage\":\"fr-FR\",\"@id\":\"https:\/\/www.gsdb.fr\/#\/schema\/logo\/image\/\",\"url\":\"https:\/\/www.gsdb.fr\/wp-content\/uploads\/2018\/12\/cropped-blason-new-ss-bando-Q-3.png\",\"contentUrl\":\"https:\/\/www.gsdb.fr\/wp-content\/uploads\/2018\/12\/cropped-blason-new-ss-bando-Q-3.png\",\"width\":886,\"height\":948,\"caption\":\"Groupe Scolaire Don Bosco\"},\"image\":{\"@id\":\"https:\/\/www.gsdb.fr\/#\/schema\/logo\/image\/\"}}]}<\/script>\n<!-- \/ Yoast SEO plugin. -->","yoast_head_json":{"title":"Confiance, Joie, Pers\u00e9v\u00e9rance ! - Groupe scolaire Don Bosco \u00e0 Compi\u00e8gne : GSDB.Fr","description":"Le Groupe Scolaire Don Bosco de Compi\u00e8gne, \u00e9tablissement Hors Contrat, a pour devise Joie, Confiance et Pers\u00e9v\u00e9rance","robots":{"index":"index","follow":"follow","max-snippet":"max-snippet:-1","max-image-preview":"max-image-preview:large","max-video-preview":"max-video-preview:-1"},"canonical":"https:\/\/www.gsdb.fr\/index.php\/le-college\/","og_locale":"fr_FR","og_type":"article","og_title":"Confiance, Joie, Pers\u00e9v\u00e9rance ! - Groupe scolaire Don Bosco \u00e0 Compi\u00e8gne : GSDB.Fr","og_description":"Le Groupe Scolaire Don Bosco de Compi\u00e8gne, \u00e9tablissement Hors Contrat, a pour devise Joie, Confiance et Pers\u00e9v\u00e9rance","og_url":"https:\/\/www.gsdb.fr\/index.php\/le-college\/","og_site_name":"Groupe scolaire Don Bosco \u00e0 Compi\u00e8gne : GSDB.Fr","article_modified_time":"2025-11-07T21:10:56+00:00","twitter_card":"summary_large_image","twitter_misc":{"Dur\u00e9e de lecture estim\u00e9e":"3 minutes"},"schema":{"@context":"https:\/\/schema.org","@graph":[{"@type":"WebPage","@id":"https:\/\/www.gsdb.fr\/index.php\/le-college\/","url":"https:\/\/www.gsdb.fr\/index.php\/le-college\/","name":"Confiance, Joie, Pers\u00e9v\u00e9rance ! - Groupe scolaire Don Bosco \u00e0 Compi\u00e8gne : GSDB.Fr","isPartOf":{"@id":"https:\/\/www.gsdb.fr\/#website"},"datePublished":"2016-11-15T11:04:56+00:00","dateModified":"2025-11-07T21:10:56+00:00","description":"Le Groupe Scolaire Don Bosco de Compi\u00e8gne, \u00e9tablissement Hors Contrat, a pour devise Joie, Confiance et Pers\u00e9v\u00e9rance","breadcrumb":{"@id":"https:\/\/www.gsdb.fr\/index.php\/le-college\/#breadcrumb"},"inLanguage":"fr-FR","potentialAction":[{"@type":"ReadAction","target":["https:\/\/www.gsdb.fr\/index.php\/le-college\/"]}]},{"@type":"BreadcrumbList","@id":"https:\/\/www.gsdb.fr\/index.php\/le-college\/#breadcrumb","itemListElement":[{"@type":"ListItem","position":1,"name":"Accueil","item":"https:\/\/www.gsdb.fr\/"},{"@type":"ListItem","position":2,"name":"Confiance, Joie, Pers\u00e9v\u00e9rance !"}]},{"@type":"WebSite","@id":"https:\/\/www.gsdb.fr\/#website","url":"https:\/\/www.gsdb.fr\/","name":"Groupe scolaire Don Bosco \u00e0 Compi\u00e8gne : GSDB.Fr","description":"Confiance, Joie, Pers\u00e9v\u00e9rance !","publisher":{"@id":"https:\/\/www.gsdb.fr\/#organization"},"potentialAction":[{"@type":"SearchAction","target":{"@type":"EntryPoint","urlTemplate":"https:\/\/www.gsdb.fr\/?s={search_term_string}"},"query-input":"required name=search_term_string"}],"inLanguage":"fr-FR"},{"@type":"Organization","@id":"https:\/\/www.gsdb.fr\/#organization","name":"Groupe Scolaire Don Bosco","url":"https:\/\/www.gsdb.fr\/","logo":{"@type":"ImageObject","inLanguage":"fr-FR","@id":"https:\/\/www.gsdb.fr\/#\/schema\/logo\/image\/","url":"https:\/\/www.gsdb.fr\/wp-content\/uploads\/2018\/12\/cropped-blason-new-ss-bando-Q-3.png","contentUrl":"https:\/\/www.gsdb.fr\/wp-content\/uploads\/2018\/12\/cropped-blason-new-ss-bando-Q-3.png","width":886,"height":948,"caption":"Groupe Scolaire Don Bosco"},"image":{"@id":"https:\/\/www.gsdb.fr\/#\/schema\/logo\/image\/"}}]}},"_links":{"self":[{"href":"https:\/\/www.gsdb.fr\/index.php\/wp-json\/wp\/v2\/pages\/44"}],"collection":[{"href":"https:\/\/www.gsdb.fr\/index.php\/wp-json\/wp\/v2\/pages"}],"about":[{"href":"https:\/\/www.gsdb.fr\/index.php\/wp-json\/wp\/v2\/types\/page"}],"author":[{"embeddable":true,"href":"https:\/\/www.gsdb.fr\/index.php\/wp-json\/wp\/v2\/users\/2"}],"replies":[{"embeddable":true,"href":"https:\/\/www.gsdb.fr\/index.php\/wp-json\/wp\/v2\/comments?post=44"}],"version-history":[{"count":55,"href":"https:\/\/www.gsdb.fr\/index.php\/wp-json\/wp\/v2\/pages\/44\/revisions"}],"predecessor-version":[{"id":4159,"href":"https:\/\/www.gsdb.fr\/index.php\/wp-json\/wp\/v2\/pages\/44\/revisions\/4159"}],"wp:attachment":[{"href":"https:\/\/www.gsdb.fr\/index.php\/wp-json\/wp\/v2\/media?parent=44"}],"curies":[{"name":"wp","href":"https:\/\/api.w.org\/{rel}","templated":true}]}}